{"id":1486,"date":"2024-01-08T03:08:28","date_gmt":"2024-01-08T03:08:28","guid":{"rendered":"https:\/\/offsetantenna.com\/?post_type=product&#038;p=1486"},"modified":"2024-01-25T08:32:30","modified_gmt":"2024-01-25T08:32:30","slug":"12ft-tv-antenna-370cm-aluminum-mesh-antenna","status":"publish","type":"product","link":"https:\/\/offsetantenna.com\/index.php\/product\/12ft-tv-antenna-370cm-aluminum-mesh-antenna\/","title":{"rendered":"3.7m 12ft TV antenna  aluminum mesh antenna"},"content":{"rendered":"<p>Pr\u00e9sentation de notre antenne parabolique maill\u00e9e \u00e0 mise au point principale de qualit\u00e9 commerciale, robuste, \u00e0 double anneau et haute performance de 15,0 pieds \/ (4,5 m) C \/ Ku-Band (Az-El) avec contr\u00f4le d&#8217;inclinaison motoris\u00e9. L&#8217;attrait esth\u00e9tique de cette parabole en maille la rend parfaite pour les zones urbaines et rurales o\u00f9 une r\u00e9ception fiable en bande C est requise. Cette parabole est principalement con\u00e7ue pour les op\u00e9rations critiques impliquant la poursuite de satellites dans la ceinture de Clarke, la poursuite de satellites \u00e0 orbite inclin\u00e9e et la recherche en radioastronomie. Il est recommand\u00e9 pour les t\u00eates de c\u00e2ble, les installations militaires, les d\u00e9partements universitaires d&#8217;astronomie, les mus\u00e9es des sciences et d&#8217;autres organisations qui souhaitent une station terrienne de qualit\u00e9 commerciale enti\u00e8rement orientable. Remarque : il s&#8217;agit de notre dernier mod\u00e8le (2022) avec un support robuste, une construction en acier de qualit\u00e9 sup\u00e9rieure, un support de renfort de panneau arri\u00e8re en acier, une construction de nervures en acier et un acier de calibre plus \u00e9pais pour une int\u00e9grit\u00e9 structurelle in\u00e9gal\u00e9e. \u00c9prouv\u00e9 sur le terrain et fiable ou argent remis\u00a0! Remarque : n\u00e9cessite un poteau King de 19,1 cm de diam\u00e8tre ext\u00e9rieur qui est inclus. Se monte sur une jet\u00e9e en ciment. Remarque : Cette antenne est livr\u00e9e avec un support \u00e0 double anneau. Veuillez noter que certaines images ici peuvent ne pas montrer le 2\u00e8me anneau. Remarque : Cette antenne est destin\u00e9e \u00e0 des applications commerciales. Des antennes grand public pour la r\u00e9ception de la t\u00e9l\u00e9vision par satellite \u00e0 domicile sont disponibles ici. Remarque : peut \u00eatre personnalis\u00e9 selon vos sp\u00e9cifications. Remarque : Assortiment de supports d&#8217;alimentation disponibles, y compris la mise au point principale, plusieurs hors axe et selon vos sp\u00e9cifications. Remarque : Il s&#8217;agit d&#8217;un article de commande sp\u00e9ciale qui n&#8217;est normalement pas stock\u00e9. Veuillez nous contacter au sujet de notre prochaine production d&#8217;antennes afin d&#8217;avoir une meilleure id\u00e9e de la date de livraison. Un acompte initial de 25% est requis pour passer une commande. Demandes s\u00e9rieuses uniquement.<\/p>\n","protected":false},"excerpt":{"rendered":"<p><span class=\"JLqJ4b ChMk0b\"><span class=\"Q4iAWc\">Qualit\u00e9 de qualit\u00e9 commerciale<\/span><\/span> <span class=\"JLqJ4b ChMk0b\"><span class=\"Q4iAWc\">Construction robuste comprenant des nervures en acier pour le r\u00e9flecteur<\/span><\/span> <span class=\"JLqJ4b ChMk0b\"><span class=\"Q4iAWc\">Ensemble d&#8217;alimentation \u00e9lectrique avec positionnement r\u00e9glable du klaxon et \u00e9clairage du r\u00e9flecteur<\/span><\/span> <span class=\"JLqJ4b ChMk0b\"><span class=\"Q4iAWc\">Le maillage \u00e0 petits trous (&lt; 1,2 mm) garantit que la r\u00e9ception du signal en bande Ku est tout aussi fiable que la r\u00e9ception du signal en bande C<\/span><\/span> <span class=\"JLqJ4b ChMk0b\"><span class=\"Q4iAWc\">Entra\u00eenement d&#8217;orientation robuste de 7 pouces pour la direction azimutale<\/span><\/span> <span class=\"JLqJ4b ChMk0b\"><span class=\"Q4iAWc\">Actionneur robuste pour la direction d&#8217;\u00e9l\u00e9vation<\/span><\/span> <span class=\"JLqJ4b ChMk0b\"><span class=\"Q4iAWc\">Montage en rack multi-axes ou contr\u00f4leur de bureau<\/span><\/span> <span class=\"JLqJ4b ChMk0b\"><span class=\"Q4iAWc\">Support d&#8217;alimentation personnalisable pour toute application<\/span><\/span> <span class=\"JLqJ4b ChMk0b\"><span class=\"Q4iAWc\">Maille de 2,0 mm d&#8217;\u00e9paisseur pour plus de solidit\u00e9<\/span><\/span><\/p>\n","protected":false},"featured_media":1449,"comment_status":"closed","ping_status":"closed","template":"","meta":{"site-sidebar-layout":"default","site-content-layout":"default","ast-site-content-layout":"default","site-content-style":"default","site-sidebar-style":"default","ast-global-header-display":"","ast-banner-title-visibility":"","ast-main-header-display":"","ast-hfb-above-header-display":"","ast-hfb-below-header-display":"","ast-hfb-mobile-header-display":"","site-post-title":"","ast-breadcrumbs-content":"","ast-featured-img":"","footer-sml-layout":"","theme-transparent-header-meta":"default","adv-header-id-meta":"","stick-header-meta":"","header-above-stick-meta":"","header-main-stick-meta":"","header-below-stick-meta":"","astra-migrate-meta-layouts":"set","ast-page-background-enabled":"default","ast-page-background-meta":{"desktop":{"background-color":"var(--ast-global-color-4)","background-image":"","background-repeat":"repeat","background-position":"center center","background-size":"auto","background-attachment":"scroll","background-type":"","background-media":"","overlay-type":"","overlay-color":"","overlay-gradient":""},"tablet":{"background-color":"","background-image":"","background-repeat":"repeat","background-position":"center center","background-size":"auto","background-attachment":"scroll","background-type":"","background-media":"","overlay-type":"","overlay-color":"","overlay-gradient":""},"mobile":{"background-color":"","background-image":"","background-repeat":"repeat","background-position":"center center","background-size":"auto","background-attachment":"scroll","background-type":"","background-media":"","overlay-type":"","overlay-color":"","overlay-gradient":""}},"ast-content-background-meta":{"desktop":{"background-color":"var(--ast-global-color-5)","background-image":"","background-repeat":"repeat","background-position":"center center","background-size":"auto","background-attachment":"scroll","background-type":"","background-media":"","overlay-type":"","overlay-color":"","overlay-gradient":""},"tablet":{"background-color":"var(--ast-global-color-5)","background-image":"","background-repeat":"repeat","background-position":"center center","background-size":"auto","background-attachment":"scroll","background-type":"","background-media":"","overlay-type":"","overlay-color":"","overlay-gradient":""},"mobile":{"background-color":"var(--ast-global-color-5)","background-image":"","background-repeat":"repeat","background-position":"center center","background-size":"auto","background-attachment":"scroll","background-type":"","background-media":"","overlay-type":"","overlay-color":"","overlay-gradient":""}}},"product_cat":[120],"product_tag":[122,133],"aioseo_notices":[],"yoast_head":"<!-- This site is optimized with the Yoast SEO plugin v22.4 - https:\/\/yoast.com\/wordpress\/plugins\/seo\/ -->\n<title>3.7m 12ft TV antenna aluminum mesh antenna - BWEI- Satellite Antenna<\/title>\n<meta name=\"robots\" content=\"index, follow, max-snippet:-1, max-image-preview:large, max-video-preview:-1\" \/>\n<link rel=\"canonical\" href=\"https:\/\/offsetantenna.com\/index.php\/product\/12ft-tv-antenna-370cm-aluminum-mesh-antenna\/\" \/>\n<meta property=\"og:locale\" content=\"en_US\" \/>\n<meta property=\"og:type\" content=\"article\" \/>\n<meta property=\"og:title\" content=\"3.7m 12ft TV antenna aluminum mesh antenna - BWEI- Satellite Antenna\" \/>\n<meta property=\"og:description\" content=\"Qualit\u00e9 de qualit\u00e9 commerciale Construction robuste comprenant des nervures en acier pour le r\u00e9flecteur Ensemble d&#039;alimentation \u00e9lectrique avec positionnement r\u00e9glable du klaxon et \u00e9clairage du r\u00e9flecteur Le maillage \u00e0 petits trous (&lt; 1,2 mm) garantit que la r\u00e9ception du signal en bande Ku est tout aussi fiable que la r\u00e9ception du signal en bande C Entra\u00eenement d&#039;orientation robuste de 7 pouces pour la direction azimutale Actionneur robuste pour la direction d&#039;\u00e9l\u00e9vation Montage en rack multi-axes ou contr\u00f4leur de bureau Support d&#039;alimentation personnalisable pour toute application Maille de 2,0 mm d&#039;\u00e9paisseur pour plus de solidit\u00e9\" \/>\n<meta property=\"og:url\" content=\"https:\/\/offsetantenna.com\/index.php\/product\/12ft-tv-antenna-370cm-aluminum-mesh-antenna\/\" \/>\n<meta property=\"og:site_name\" content=\"BWEI- Satellite Antenna\" \/>\n<meta property=\"article:modified_time\" content=\"2024-01-25T08:32:30+00:00\" \/>\n<meta property=\"og:image\" content=\"https:\/\/offsetantenna.com\/wp-content\/uploads\/2024\/01\/12ft-TV-antenna-370cm-aluminum-mesh-antenna.jpg\" \/>\n\t<meta property=\"og:image:width\" content=\"600\" \/>\n\t<meta property=\"og:image:height\" content=\"600\" \/>\n\t<meta property=\"og:image:type\" content=\"image\/jpeg\" \/>\n<meta name=\"twitter:card\" content=\"summary_large_image\" \/>\n<meta name=\"twitter:label1\" content=\"Est. reading time\" \/>\n\t<meta name=\"twitter:data1\" content=\"2 minutes\" \/>\n<script type=\"application\/ld+json\" class=\"yoast-schema-graph\">{\"@context\":\"https:\/\/schema.org\",\"@graph\":[{\"@type\":\"WebPage\",\"@id\":\"https:\/\/offsetantenna.com\/index.php\/product\/12ft-tv-antenna-370cm-aluminum-mesh-antenna\/\",\"url\":\"https:\/\/offsetantenna.com\/index.php\/product\/12ft-tv-antenna-370cm-aluminum-mesh-antenna\/\",\"name\":\"3.7m 12ft TV antenna aluminum mesh antenna - BWEI- Satellite Antenna\",\"isPartOf\":{\"@id\":\"https:\/\/offsetantenna.com\/#website\"},\"primaryImageOfPage\":{\"@id\":\"https:\/\/offsetantenna.com\/index.php\/product\/12ft-tv-antenna-370cm-aluminum-mesh-antenna\/#primaryimage\"},\"image\":{\"@id\":\"https:\/\/offsetantenna.com\/index.php\/product\/12ft-tv-antenna-370cm-aluminum-mesh-antenna\/#primaryimage\"},\"thumbnailUrl\":\"https:\/\/offsetantenna.com\/wp-content\/uploads\/2024\/01\/12ft-TV-antenna-370cm-aluminum-mesh-antenna.jpg\",\"datePublished\":\"2024-01-08T03:08:28+00:00\",\"dateModified\":\"2024-01-25T08:32:30+00:00\",\"breadcrumb\":{\"@id\":\"https:\/\/offsetantenna.com\/index.php\/product\/12ft-tv-antenna-370cm-aluminum-mesh-antenna\/#breadcrumb\"},\"inLanguage\":\"en-US\",\"potentialAction\":[{\"@type\":\"ReadAction\",\"target\":[\"https:\/\/offsetantenna.com\/index.php\/product\/12ft-tv-antenna-370cm-aluminum-mesh-antenna\/\"]}]},{\"@type\":\"ImageObject\",\"inLanguage\":\"en-US\",\"@id\":\"https:\/\/offsetantenna.com\/index.php\/product\/12ft-tv-antenna-370cm-aluminum-mesh-antenna\/#primaryimage\",\"url\":\"https:\/\/offsetantenna.com\/wp-content\/uploads\/2024\/01\/12ft-TV-antenna-370cm-aluminum-mesh-antenna.jpg\",\"contentUrl\":\"https:\/\/offsetantenna.com\/wp-content\/uploads\/2024\/01\/12ft-TV-antenna-370cm-aluminum-mesh-antenna.jpg\",\"width\":600,\"height\":600},{\"@type\":\"BreadcrumbList\",\"@id\":\"https:\/\/offsetantenna.com\/index.php\/product\/12ft-tv-antenna-370cm-aluminum-mesh-antenna\/#breadcrumb\",\"itemListElement\":[{\"@type\":\"ListItem\",\"position\":1,\"name\":\"\u9996\u9875\",\"item\":\"https:\/\/offsetantenna.com\/\"},{\"@type\":\"ListItem\",\"position\":2,\"name\":\"Produts\",\"item\":\"https:\/\/offsetantenna.com\/index.php\/home\/products\/\"},{\"@type\":\"ListItem\",\"position\":3,\"name\":\"3.7m 12ft TV antenna aluminum mesh antenna\"}]},{\"@type\":\"WebSite\",\"@id\":\"https:\/\/offsetantenna.com\/#website\",\"url\":\"https:\/\/offsetantenna.com\/\",\"name\":\"BWEI- Satellite Antenna\",\"description\":\"BWEI- Satellite Antenna, TV Antenna, Offset Antenna\",\"publisher\":{\"@id\":\"https:\/\/offsetantenna.com\/#organization\"},\"potentialAction\":[{\"@type\":\"SearchAction\",\"target\":{\"@type\":\"EntryPoint\",\"urlTemplate\":\"https:\/\/offsetantenna.com\/?s={search_term_string}\"},\"query-input\":\"required name=search_term_string\"}],\"inLanguage\":\"en-US\"},{\"@type\":\"Organization\",\"@id\":\"https:\/\/offsetantenna.com\/#organization\",\"name\":\"BWEI- Satellite Antenna\",\"url\":\"https:\/\/offsetantenna.com\/\",\"logo\":{\"@type\":\"ImageObject\",\"inLanguage\":\"en-US\",\"@id\":\"https:\/\/offsetantenna.com\/#\/schema\/logo\/image\/\",\"url\":\"https:\/\/offsetantenna.com\/wp-content\/uploads\/2023\/12\/bowei-logo.png\",\"contentUrl\":\"https:\/\/offsetantenna.com\/wp-content\/uploads\/2023\/12\/bowei-logo.png\",\"width\":746,\"height\":286,\"caption\":\"BWEI- Satellite Antenna\"},\"image\":{\"@id\":\"https:\/\/offsetantenna.com\/#\/schema\/logo\/image\/\"}}]}<\/script>\n<!-- \/ Yoast SEO plugin. -->","yoast_head_json":{"title":"3.7m 12ft TV antenna aluminum mesh antenna - BWEI- Satellite Antenna","robots":{"index":"index","follow":"follow","max-snippet":"max-snippet:-1","max-image-preview":"max-image-preview:large","max-video-preview":"max-video-preview:-1"},"canonical":"https:\/\/offsetantenna.com\/index.php\/product\/12ft-tv-antenna-370cm-aluminum-mesh-antenna\/","og_locale":"en_US","og_type":"article","og_title":"3.7m 12ft TV antenna aluminum mesh antenna - BWEI- Satellite Antenna","og_description":"Qualit\u00e9 de qualit\u00e9 commerciale Construction robuste comprenant des nervures en acier pour le r\u00e9flecteur Ensemble d'alimentation \u00e9lectrique avec positionnement r\u00e9glable du klaxon et \u00e9clairage du r\u00e9flecteur Le maillage \u00e0 petits trous (&lt; 1,2 mm) garantit que la r\u00e9ception du signal en bande Ku est tout aussi fiable que la r\u00e9ception du signal en bande C Entra\u00eenement d'orientation robuste de 7 pouces pour la direction azimutale Actionneur robuste pour la direction d'\u00e9l\u00e9vation Montage en rack multi-axes ou contr\u00f4leur de bureau Support d'alimentation personnalisable pour toute application Maille de 2,0 mm d'\u00e9paisseur pour plus de solidit\u00e9","og_url":"https:\/\/offsetantenna.com\/index.php\/product\/12ft-tv-antenna-370cm-aluminum-mesh-antenna\/","og_site_name":"BWEI- Satellite Antenna","article_modified_time":"2024-01-25T08:32:30+00:00","og_image":[{"width":600,"height":600,"url":"https:\/\/offsetantenna.com\/wp-content\/uploads\/2024\/01\/12ft-TV-antenna-370cm-aluminum-mesh-antenna.jpg","type":"image\/jpeg"}],"twitter_card":"summary_large_image","twitter_misc":{"Est. reading time":"2 minutes"},"schema":{"@context":"https:\/\/schema.org","@graph":[{"@type":"WebPage","@id":"https:\/\/offsetantenna.com\/index.php\/product\/12ft-tv-antenna-370cm-aluminum-mesh-antenna\/","url":"https:\/\/offsetantenna.com\/index.php\/product\/12ft-tv-antenna-370cm-aluminum-mesh-antenna\/","name":"3.7m 12ft TV antenna aluminum mesh antenna - BWEI- Satellite Antenna","isPartOf":{"@id":"https:\/\/offsetantenna.com\/#website"},"primaryImageOfPage":{"@id":"https:\/\/offsetantenna.com\/index.php\/product\/12ft-tv-antenna-370cm-aluminum-mesh-antenna\/#primaryimage"},"image":{"@id":"https:\/\/offsetantenna.com\/index.php\/product\/12ft-tv-antenna-370cm-aluminum-mesh-antenna\/#primaryimage"},"thumbnailUrl":"https:\/\/offsetantenna.com\/wp-content\/uploads\/2024\/01\/12ft-TV-antenna-370cm-aluminum-mesh-antenna.jpg","datePublished":"2024-01-08T03:08:28+00:00","dateModified":"2024-01-25T08:32:30+00:00","breadcrumb":{"@id":"https:\/\/offsetantenna.com\/index.php\/product\/12ft-tv-antenna-370cm-aluminum-mesh-antenna\/#breadcrumb"},"inLanguage":"en-US","potentialAction":[{"@type":"ReadAction","target":["https:\/\/offsetantenna.com\/index.php\/product\/12ft-tv-antenna-370cm-aluminum-mesh-antenna\/"]}]},{"@type":"ImageObject","inLanguage":"en-US","@id":"https:\/\/offsetantenna.com\/index.php\/product\/12ft-tv-antenna-370cm-aluminum-mesh-antenna\/#primaryimage","url":"https:\/\/offsetantenna.com\/wp-content\/uploads\/2024\/01\/12ft-TV-antenna-370cm-aluminum-mesh-antenna.jpg","contentUrl":"https:\/\/offsetantenna.com\/wp-content\/uploads\/2024\/01\/12ft-TV-antenna-370cm-aluminum-mesh-antenna.jpg","width":600,"height":600},{"@type":"BreadcrumbList","@id":"https:\/\/offsetantenna.com\/index.php\/product\/12ft-tv-antenna-370cm-aluminum-mesh-antenna\/#breadcrumb","itemListElement":[{"@type":"ListItem","position":1,"name":"\u9996\u9875","item":"https:\/\/offsetantenna.com\/"},{"@type":"ListItem","position":2,"name":"Produts","item":"https:\/\/offsetantenna.com\/index.php\/home\/products\/"},{"@type":"ListItem","position":3,"name":"3.7m 12ft TV antenna aluminum mesh antenna"}]},{"@type":"WebSite","@id":"https:\/\/offsetantenna.com\/#website","url":"https:\/\/offsetantenna.com\/","name":"BWEI- Satellite Antenna","description":"BWEI- Satellite Antenna, TV Antenna, Offset Antenna","publisher":{"@id":"https:\/\/offsetantenna.com\/#organization"},"potentialAction":[{"@type":"SearchAction","target":{"@type":"EntryPoint","urlTemplate":"https:\/\/offsetantenna.com\/?s={search_term_string}"},"query-input":"required name=search_term_string"}],"inLanguage":"en-US"},{"@type":"Organization","@id":"https:\/\/offsetantenna.com\/#organization","name":"BWEI- Satellite Antenna","url":"https:\/\/offsetantenna.com\/","logo":{"@type":"ImageObject","inLanguage":"en-US","@id":"https:\/\/offsetantenna.com\/#\/schema\/logo\/image\/","url":"https:\/\/offsetantenna.com\/wp-content\/uploads\/2023\/12\/bowei-logo.png","contentUrl":"https:\/\/offsetantenna.com\/wp-content\/uploads\/2023\/12\/bowei-logo.png","width":746,"height":286,"caption":"BWEI- Satellite Antenna"},"image":{"@id":"https:\/\/offsetantenna.com\/#\/schema\/logo\/image\/"}}]}},"_links":{"self":[{"href":"https:\/\/offsetantenna.com\/index.php\/wp-json\/wp\/v2\/product\/1486"}],"collection":[{"href":"https:\/\/offsetantenna.com\/index.php\/wp-json\/wp\/v2\/product"}],"about":[{"href":"https:\/\/offsetantenna.com\/index.php\/wp-json\/wp\/v2\/types\/product"}],"replies":[{"embeddable":true,"href":"https:\/\/offsetantenna.com\/index.php\/wp-json\/wp\/v2\/comments?post=1486"}],"version-history":[{"count":1,"href":"https:\/\/offsetantenna.com\/index.php\/wp-json\/wp\/v2\/product\/1486\/revisions"}],"predecessor-version":[{"id":1606,"href":"https:\/\/offsetantenna.com\/index.php\/wp-json\/wp\/v2\/product\/1486\/revisions\/1606"}],"wp:featuredmedia":[{"embeddable":true,"href":"https:\/\/offsetantenna.com\/index.php\/wp-json\/wp\/v2\/media\/1449"}],"wp:attachment":[{"href":"https:\/\/offsetantenna.com\/index.php\/wp-json\/wp\/v2\/media?parent=1486"}],"wp:term":[{"taxonomy":"product_cat","embeddable":true,"href":"https:\/\/offsetantenna.com\/index.php\/wp-json\/wp\/v2\/product_cat?post=1486"},{"taxonomy":"product_tag","embeddable":true,"href":"https:\/\/offsetantenna.com\/index.php\/wp-json\/wp\/v2\/product_tag?post=1486"}],"curies":[{"name":"wp","href":"https:\/\/api.w.org\/{rel}","templated":true}]}}