{"id":1485,"date":"2024-01-08T03:08:28","date_gmt":"2024-01-08T03:08:28","guid":{"rendered":"https:\/\/offsetantenna.com\/?post_type=product&#038;p=1485"},"modified":"2024-01-25T08:32:11","modified_gmt":"2024-01-25T08:32:11","slug":"6m-prime-focust-aluminum-mesh-antenna-c-ku-band","status":"publish","type":"product","link":"https:\/\/offsetantenna.com\/index.php\/product\/6m-prime-focust-aluminum-mesh-antenna-c-ku-band\/","title":{"rendered":"6m Prime focust aluminum mesh antenna C\/Ku band"},"content":{"rendered":"<p>Presentamos nuestra antena parab\u00f3lica de malla de enfoque principal de montaje motorizado (Az-El) de banda C\/Ku de 15,0 pies \/ (4,5 m) de calidad comercial, resistente, de doble anillo y de alto rendimiento con control de inclinaci\u00f3n motorizado. El atractivo est\u00e9tico de este plato de malla lo hace perfecto para \u00e1reas urbanas y rurales donde se requiere una recepci\u00f3n confiable de banda C. Este plato est\u00e1 dise\u00f1ado principalmente para operaciones de misi\u00f3n cr\u00edtica que implican el seguimiento de sat\u00e9lites en Clarke Belt, el seguimiento de sat\u00e9lites de \u00f3rbita inclinada y la investigaci\u00f3n de radioastronom\u00eda. Se recomienda para cabeceras de cable, instalaciones militares, departamentos universitarios de astronom\u00eda, museos de ciencia y otras organizaciones que deseen una estaci\u00f3n terrestre totalmente orientable de calidad comercial. Nota: Este es nuestro \u00faltimo modelo (2022) con montaje de servicio pesado, construcci\u00f3n de acero superior, soporte de refuerzo de acero en el panel trasero, construcci\u00f3n de nervaduras de acero y acero de calibre m\u00e1s grueso en todas partes para una integridad estructural insuperable. \u00a1Probado en el campo y confiable o le devolvemos su dinero! Nota: Requiere King Post de 7.5&#8243; de D.E. que est\u00e1 incluido. Se monta en un pilar de cemento a tierra. Nota: Esta antena viene con un montaje de doble anillo. Tenga en cuenta que algunas im\u00e1genes aqu\u00ed pueden no mostrar el segundo anillo. Nota: Esta antena est\u00e1 dise\u00f1ada para aplicaciones comerciales. Las antenas de consumo para la recepci\u00f3n de televisi\u00f3n por sat\u00e9lite en el hogar est\u00e1n disponibles aqu\u00ed. Nota: Se puede personalizar seg\u00fan sus especificaciones. Nota: Variedad de soportes de alimentaci\u00f3n disponibles, que incluyen enfoque principal, m\u00faltiples fuera del eje y de acuerdo con sus especificaciones. Nota: Este es un art\u00edculo de pedido especial que normalmente no se almacena. P\u00f3ngase en contacto con nosotros sobre nuestra pr\u00f3xima producci\u00f3n de antenas para que tenga una mejor idea sobre la fecha de entrega. Se requiere un dep\u00f3sito inicial del 25% para realizar un pedido. Solo consultas serias.<\/p>\n","protected":false},"excerpt":{"rendered":"<p><span class=\"JLqJ4b ChMk0b\"><span class=\"Q4iAWc\">Qualidade de n\u00edvel comercial<\/span><\/span> <span class=\"JLqJ4b ChMk0b\"><span class=\"Q4iAWc\">Constru\u00e7\u00e3o robusta, incluindo nervuras de a\u00e7o para o refletor<\/span><\/span> <span class=\"JLqJ4b ChMk0b\"><span class=\"Q4iAWc\">Conjunto de alimenta\u00e7\u00e3o motorizada com posicionamento ajust\u00e1vel da buzina e ilumina\u00e7\u00e3o do refletor<\/span><\/span> <span class=\"JLqJ4b ChMk0b\"><span class=\"Q4iAWc\">A malha de orif\u00edcios pequenos (&lt; 1,2 mm) garante que a recep\u00e7\u00e3o do sinal da banda Ku seja t\u00e3o confi\u00e1vel quanto a recep\u00e7\u00e3o do sinal da banda C<\/span><\/span> <span class=\"JLqJ4b ChMk0b\"><span class=\"Q4iAWc\">Acionamento girat\u00f3rio de 7 polegadas para servi\u00e7o pesado para dire\u00e7\u00e3o azimute<\/span><\/span> <span class=\"JLqJ4b ChMk0b\"><span class=\"Q4iAWc\">Atuador de servi\u00e7o pesado para dire\u00e7\u00e3o de eleva\u00e7\u00e3o<\/span><\/span> <span class=\"JLqJ4b ChMk0b\"><span class=\"Q4iAWc\">Montagem em rack multi-eixo ou controlador de mesa<\/span><\/span> <span class=\"JLqJ4b ChMk0b\"><span class=\"Q4iAWc\">Suporte de alimenta\u00e7\u00e3o personaliz\u00e1vel para qualquer aplica\u00e7\u00e3o<\/span><\/span> <span class=\"JLqJ4b ChMk0b\"><span class=\"Q4iAWc\">Malha de 2,0 mm de espessura para maior resist\u00eancia<\/span><\/span><\/p>\n","protected":false},"featured_media":1508,"comment_status":"closed","ping_status":"closed","template":"","meta":{"site-sidebar-layout":"default","site-content-layout":"default","ast-site-content-layout":"default","site-content-style":"default","site-sidebar-style":"default","ast-global-header-display":"","ast-banner-title-visibility":"","ast-main-header-display":"","ast-hfb-above-header-display":"","ast-hfb-below-header-display":"","ast-hfb-mobile-header-display":"","site-post-title":"","ast-breadcrumbs-content":"","ast-featured-img":"","footer-sml-layout":"","theme-transparent-header-meta":"default","adv-header-id-meta":"","stick-header-meta":"","header-above-stick-meta":"","header-main-stick-meta":"","header-below-stick-meta":"","astra-migrate-meta-layouts":"set","ast-page-background-enabled":"default","ast-page-background-meta":{"desktop":{"background-color":"var(--ast-global-color-4)","background-image":"","background-repeat":"repeat","background-position":"center center","background-size":"auto","background-attachment":"scroll","background-type":"","background-media":"","overlay-type":"","overlay-color":"","overlay-gradient":""},"tablet":{"background-color":"","background-image":"","background-repeat":"repeat","background-position":"center center","background-size":"auto","background-attachment":"scroll","background-type":"","background-media":"","overlay-type":"","overlay-color":"","overlay-gradient":""},"mobile":{"background-color":"","background-image":"","background-repeat":"repeat","background-position":"center center","background-size":"auto","background-attachment":"scroll","background-type":"","background-media":"","overlay-type":"","overlay-color":"","overlay-gradient":""}},"ast-content-background-meta":{"desktop":{"background-color":"var(--ast-global-color-5)","background-image":"","background-repeat":"repeat","background-position":"center center","background-size":"auto","background-attachment":"scroll","background-type":"","background-media":"","overlay-type":"","overlay-color":"","overlay-gradient":""},"tablet":{"background-color":"var(--ast-global-color-5)","background-image":"","background-repeat":"repeat","background-position":"center center","background-size":"auto","background-attachment":"scroll","background-type":"","background-media":"","overlay-type":"","overlay-color":"","overlay-gradient":""},"mobile":{"background-color":"var(--ast-global-color-5)","background-image":"","background-repeat":"repeat","background-position":"center center","background-size":"auto","background-attachment":"scroll","background-type":"","background-media":"","overlay-type":"","overlay-color":"","overlay-gradient":""}}},"product_cat":[120],"product_tag":[122,133,126],"aioseo_notices":[],"yoast_head":"<!-- This site is optimized with the Yoast SEO plugin v22.4 - https:\/\/yoast.com\/wordpress\/plugins\/seo\/ -->\n<title>6m Prime focust aluminum mesh antenna C\/Ku band - BWEI- Satellite Antenna<\/title>\n<meta name=\"robots\" content=\"index, follow, max-snippet:-1, max-image-preview:large, max-video-preview:-1\" \/>\n<link rel=\"canonical\" href=\"https:\/\/offsetantenna.com\/index.php\/product\/6m-prime-focust-aluminum-mesh-antenna-c-ku-band\/\" \/>\n<meta property=\"og:locale\" content=\"en_US\" \/>\n<meta property=\"og:type\" content=\"article\" \/>\n<meta property=\"og:title\" content=\"6m Prime focust aluminum mesh antenna C\/Ku band - BWEI- Satellite Antenna\" \/>\n<meta property=\"og:description\" content=\"Qualidade de n\u00edvel comercial Constru\u00e7\u00e3o robusta, incluindo nervuras de a\u00e7o para o refletor Conjunto de alimenta\u00e7\u00e3o motorizada com posicionamento ajust\u00e1vel da buzina e ilumina\u00e7\u00e3o do refletor A malha de orif\u00edcios pequenos (&lt; 1,2 mm) garante que a recep\u00e7\u00e3o do sinal da banda Ku seja t\u00e3o confi\u00e1vel quanto a recep\u00e7\u00e3o do sinal da banda C Acionamento girat\u00f3rio de 7 polegadas para servi\u00e7o pesado para dire\u00e7\u00e3o azimute Atuador de servi\u00e7o pesado para dire\u00e7\u00e3o de eleva\u00e7\u00e3o Montagem em rack multi-eixo ou controlador de mesa Suporte de alimenta\u00e7\u00e3o personaliz\u00e1vel para qualquer aplica\u00e7\u00e3o Malha de 2,0 mm de espessura para maior resist\u00eancia\" \/>\n<meta property=\"og:url\" content=\"https:\/\/offsetantenna.com\/index.php\/product\/6m-prime-focust-aluminum-mesh-antenna-c-ku-band\/\" \/>\n<meta property=\"og:site_name\" content=\"BWEI- Satellite Antenna\" \/>\n<meta property=\"article:modified_time\" content=\"2024-01-25T08:32:11+00:00\" \/>\n<meta property=\"og:image\" content=\"https:\/\/offsetantenna.com\/wp-content\/uploads\/2024\/01\/mesh-antenna.jpg\" \/>\n\t<meta property=\"og:image:width\" content=\"600\" \/>\n\t<meta property=\"og:image:height\" content=\"600\" \/>\n\t<meta property=\"og:image:type\" content=\"image\/jpeg\" \/>\n<meta name=\"twitter:card\" content=\"summary_large_image\" \/>\n<meta name=\"twitter:label1\" content=\"Est. reading time\" \/>\n\t<meta name=\"twitter:data1\" content=\"2 minutes\" \/>\n<script type=\"application\/ld+json\" class=\"yoast-schema-graph\">{\"@context\":\"https:\/\/schema.org\",\"@graph\":[{\"@type\":\"WebPage\",\"@id\":\"https:\/\/offsetantenna.com\/index.php\/product\/6m-prime-focust-aluminum-mesh-antenna-c-ku-band\/\",\"url\":\"https:\/\/offsetantenna.com\/index.php\/product\/6m-prime-focust-aluminum-mesh-antenna-c-ku-band\/\",\"name\":\"6m Prime focust aluminum mesh antenna C\/Ku band - BWEI- Satellite Antenna\",\"isPartOf\":{\"@id\":\"https:\/\/offsetantenna.com\/#website\"},\"primaryImageOfPage\":{\"@id\":\"https:\/\/offsetantenna.com\/index.php\/product\/6m-prime-focust-aluminum-mesh-antenna-c-ku-band\/#primaryimage\"},\"image\":{\"@id\":\"https:\/\/offsetantenna.com\/index.php\/product\/6m-prime-focust-aluminum-mesh-antenna-c-ku-band\/#primaryimage\"},\"thumbnailUrl\":\"https:\/\/offsetantenna.com\/wp-content\/uploads\/2024\/01\/mesh-antenna.jpg\",\"datePublished\":\"2024-01-08T03:08:28+00:00\",\"dateModified\":\"2024-01-25T08:32:11+00:00\",\"breadcrumb\":{\"@id\":\"https:\/\/offsetantenna.com\/index.php\/product\/6m-prime-focust-aluminum-mesh-antenna-c-ku-band\/#breadcrumb\"},\"inLanguage\":\"en-US\",\"potentialAction\":[{\"@type\":\"ReadAction\",\"target\":[\"https:\/\/offsetantenna.com\/index.php\/product\/6m-prime-focust-aluminum-mesh-antenna-c-ku-band\/\"]}]},{\"@type\":\"ImageObject\",\"inLanguage\":\"en-US\",\"@id\":\"https:\/\/offsetantenna.com\/index.php\/product\/6m-prime-focust-aluminum-mesh-antenna-c-ku-band\/#primaryimage\",\"url\":\"https:\/\/offsetantenna.com\/wp-content\/uploads\/2024\/01\/mesh-antenna.jpg\",\"contentUrl\":\"https:\/\/offsetantenna.com\/wp-content\/uploads\/2024\/01\/mesh-antenna.jpg\",\"width\":600,\"height\":600},{\"@type\":\"BreadcrumbList\",\"@id\":\"https:\/\/offsetantenna.com\/index.php\/product\/6m-prime-focust-aluminum-mesh-antenna-c-ku-band\/#breadcrumb\",\"itemListElement\":[{\"@type\":\"ListItem\",\"position\":1,\"name\":\"\u9996\u9875\",\"item\":\"https:\/\/offsetantenna.com\/\"},{\"@type\":\"ListItem\",\"position\":2,\"name\":\"Produts\",\"item\":\"https:\/\/offsetantenna.com\/index.php\/home\/products\/\"},{\"@type\":\"ListItem\",\"position\":3,\"name\":\"6m Prime focust aluminum mesh antenna C\/Ku band\"}]},{\"@type\":\"WebSite\",\"@id\":\"https:\/\/offsetantenna.com\/#website\",\"url\":\"https:\/\/offsetantenna.com\/\",\"name\":\"BWEI- Satellite Antenna\",\"description\":\"BWEI- Satellite Antenna, TV Antenna, Offset Antenna\",\"publisher\":{\"@id\":\"https:\/\/offsetantenna.com\/#organization\"},\"potentialAction\":[{\"@type\":\"SearchAction\",\"target\":{\"@type\":\"EntryPoint\",\"urlTemplate\":\"https:\/\/offsetantenna.com\/?s={search_term_string}\"},\"query-input\":\"required name=search_term_string\"}],\"inLanguage\":\"en-US\"},{\"@type\":\"Organization\",\"@id\":\"https:\/\/offsetantenna.com\/#organization\",\"name\":\"BWEI- Satellite Antenna\",\"url\":\"https:\/\/offsetantenna.com\/\",\"logo\":{\"@type\":\"ImageObject\",\"inLanguage\":\"en-US\",\"@id\":\"https:\/\/offsetantenna.com\/#\/schema\/logo\/image\/\",\"url\":\"https:\/\/offsetantenna.com\/wp-content\/uploads\/2023\/12\/bowei-logo.png\",\"contentUrl\":\"https:\/\/offsetantenna.com\/wp-content\/uploads\/2023\/12\/bowei-logo.png\",\"width\":746,\"height\":286,\"caption\":\"BWEI- Satellite Antenna\"},\"image\":{\"@id\":\"https:\/\/offsetantenna.com\/#\/schema\/logo\/image\/\"}}]}<\/script>\n<!-- \/ Yoast SEO plugin. -->","yoast_head_json":{"title":"6m Prime focust aluminum mesh antenna C\/Ku band - BWEI- Satellite Antenna","robots":{"index":"index","follow":"follow","max-snippet":"max-snippet:-1","max-image-preview":"max-image-preview:large","max-video-preview":"max-video-preview:-1"},"canonical":"https:\/\/offsetantenna.com\/index.php\/product\/6m-prime-focust-aluminum-mesh-antenna-c-ku-band\/","og_locale":"en_US","og_type":"article","og_title":"6m Prime focust aluminum mesh antenna C\/Ku band - BWEI- Satellite Antenna","og_description":"Qualidade de n\u00edvel comercial Constru\u00e7\u00e3o robusta, incluindo nervuras de a\u00e7o para o refletor Conjunto de alimenta\u00e7\u00e3o motorizada com posicionamento ajust\u00e1vel da buzina e ilumina\u00e7\u00e3o do refletor A malha de orif\u00edcios pequenos (&lt; 1,2 mm) garante que a recep\u00e7\u00e3o do sinal da banda Ku seja t\u00e3o confi\u00e1vel quanto a recep\u00e7\u00e3o do sinal da banda C Acionamento girat\u00f3rio de 7 polegadas para servi\u00e7o pesado para dire\u00e7\u00e3o azimute Atuador de servi\u00e7o pesado para dire\u00e7\u00e3o de eleva\u00e7\u00e3o Montagem em rack multi-eixo ou controlador de mesa Suporte de alimenta\u00e7\u00e3o personaliz\u00e1vel para qualquer aplica\u00e7\u00e3o Malha de 2,0 mm de espessura para maior resist\u00eancia","og_url":"https:\/\/offsetantenna.com\/index.php\/product\/6m-prime-focust-aluminum-mesh-antenna-c-ku-band\/","og_site_name":"BWEI- Satellite Antenna","article_modified_time":"2024-01-25T08:32:11+00:00","og_image":[{"width":600,"height":600,"url":"https:\/\/offsetantenna.com\/wp-content\/uploads\/2024\/01\/mesh-antenna.jpg","type":"image\/jpeg"}],"twitter_card":"summary_large_image","twitter_misc":{"Est. reading time":"2 minutes"},"schema":{"@context":"https:\/\/schema.org","@graph":[{"@type":"WebPage","@id":"https:\/\/offsetantenna.com\/index.php\/product\/6m-prime-focust-aluminum-mesh-antenna-c-ku-band\/","url":"https:\/\/offsetantenna.com\/index.php\/product\/6m-prime-focust-aluminum-mesh-antenna-c-ku-band\/","name":"6m Prime focust aluminum mesh antenna C\/Ku band - BWEI- Satellite Antenna","isPartOf":{"@id":"https:\/\/offsetantenna.com\/#website"},"primaryImageOfPage":{"@id":"https:\/\/offsetantenna.com\/index.php\/product\/6m-prime-focust-aluminum-mesh-antenna-c-ku-band\/#primaryimage"},"image":{"@id":"https:\/\/offsetantenna.com\/index.php\/product\/6m-prime-focust-aluminum-mesh-antenna-c-ku-band\/#primaryimage"},"thumbnailUrl":"https:\/\/offsetantenna.com\/wp-content\/uploads\/2024\/01\/mesh-antenna.jpg","datePublished":"2024-01-08T03:08:28+00:00","dateModified":"2024-01-25T08:32:11+00:00","breadcrumb":{"@id":"https:\/\/offsetantenna.com\/index.php\/product\/6m-prime-focust-aluminum-mesh-antenna-c-ku-band\/#breadcrumb"},"inLanguage":"en-US","potentialAction":[{"@type":"ReadAction","target":["https:\/\/offsetantenna.com\/index.php\/product\/6m-prime-focust-aluminum-mesh-antenna-c-ku-band\/"]}]},{"@type":"ImageObject","inLanguage":"en-US","@id":"https:\/\/offsetantenna.com\/index.php\/product\/6m-prime-focust-aluminum-mesh-antenna-c-ku-band\/#primaryimage","url":"https:\/\/offsetantenna.com\/wp-content\/uploads\/2024\/01\/mesh-antenna.jpg","contentUrl":"https:\/\/offsetantenna.com\/wp-content\/uploads\/2024\/01\/mesh-antenna.jpg","width":600,"height":600},{"@type":"BreadcrumbList","@id":"https:\/\/offsetantenna.com\/index.php\/product\/6m-prime-focust-aluminum-mesh-antenna-c-ku-band\/#breadcrumb","itemListElement":[{"@type":"ListItem","position":1,"name":"\u9996\u9875","item":"https:\/\/offsetantenna.com\/"},{"@type":"ListItem","position":2,"name":"Produts","item":"https:\/\/offsetantenna.com\/index.php\/home\/products\/"},{"@type":"ListItem","position":3,"name":"6m Prime focust aluminum mesh antenna C\/Ku band"}]},{"@type":"WebSite","@id":"https:\/\/offsetantenna.com\/#website","url":"https:\/\/offsetantenna.com\/","name":"BWEI- Satellite Antenna","description":"BWEI- Satellite Antenna, TV Antenna, Offset Antenna","publisher":{"@id":"https:\/\/offsetantenna.com\/#organization"},"potentialAction":[{"@type":"SearchAction","target":{"@type":"EntryPoint","urlTemplate":"https:\/\/offsetantenna.com\/?s={search_term_string}"},"query-input":"required name=search_term_string"}],"inLanguage":"en-US"},{"@type":"Organization","@id":"https:\/\/offsetantenna.com\/#organization","name":"BWEI- Satellite Antenna","url":"https:\/\/offsetantenna.com\/","logo":{"@type":"ImageObject","inLanguage":"en-US","@id":"https:\/\/offsetantenna.com\/#\/schema\/logo\/image\/","url":"https:\/\/offsetantenna.com\/wp-content\/uploads\/2023\/12\/bowei-logo.png","contentUrl":"https:\/\/offsetantenna.com\/wp-content\/uploads\/2023\/12\/bowei-logo.png","width":746,"height":286,"caption":"BWEI- Satellite Antenna"},"image":{"@id":"https:\/\/offsetantenna.com\/#\/schema\/logo\/image\/"}}]}},"_links":{"self":[{"href":"https:\/\/offsetantenna.com\/index.php\/wp-json\/wp\/v2\/product\/1485"}],"collection":[{"href":"https:\/\/offsetantenna.com\/index.php\/wp-json\/wp\/v2\/product"}],"about":[{"href":"https:\/\/offsetantenna.com\/index.php\/wp-json\/wp\/v2\/types\/product"}],"replies":[{"embeddable":true,"href":"https:\/\/offsetantenna.com\/index.php\/wp-json\/wp\/v2\/comments?post=1485"}],"version-history":[{"count":1,"href":"https:\/\/offsetantenna.com\/index.php\/wp-json\/wp\/v2\/product\/1485\/revisions"}],"predecessor-version":[{"id":1605,"href":"https:\/\/offsetantenna.com\/index.php\/wp-json\/wp\/v2\/product\/1485\/revisions\/1605"}],"wp:featuredmedia":[{"embeddable":true,"href":"https:\/\/offsetantenna.com\/index.php\/wp-json\/wp\/v2\/media\/1508"}],"wp:attachment":[{"href":"https:\/\/offsetantenna.com\/index.php\/wp-json\/wp\/v2\/media?parent=1485"}],"wp:term":[{"taxonomy":"product_cat","embeddable":true,"href":"https:\/\/offsetantenna.com\/index.php\/wp-json\/wp\/v2\/product_cat?post=1485"},{"taxonomy":"product_tag","embeddable":true,"href":"https:\/\/offsetantenna.com\/index.php\/wp-json\/wp\/v2\/product_tag?post=1485"}],"curies":[{"name":"wp","href":"https:\/\/api.w.org\/{rel}","templated":true}]}}