{"id":1484,"date":"2024-01-08T03:08:28","date_gmt":"2024-01-08T03:08:28","guid":{"rendered":"https:\/\/offsetantenna.com\/?post_type=product&#038;p=1484"},"modified":"2024-01-25T08:31:50","modified_gmt":"2024-01-25T08:31:50","slug":"5m-good-qualitty-mesh-antenna-for-chile-market","status":"publish","type":"product","link":"https:\/\/offsetantenna.com\/index.php\/product\/5m-good-qualitty-mesh-antenna-for-chile-market\/","title":{"rendered":"5m Good qualitty mesh antenna for Chile Market"},"content":{"rendered":"<div class=\"ccvoYb\">\n<div class=\"AxqVh\">\n<div class=\"OPPzxe\">\n<div class=\"dePhmb\">\n<div class=\"eyKpYb\" data-language=\"pt\" data-original-language=\"en\" data-result-index=\"0\">\n<div class=\"J0lOec\"><span class=\"VIiyi\" lang=\"pt\"><span class=\"JLqJ4b\"><span class=\"Q4iAWc\">Apresentamos nossa antena parab\u00f3lica de malha de foco principal (Az-El) motorizada (Az-El) de alta performance com anel duplo e alto desempenho de 15,0 p\u00e9s \/ (4,5 m) com montagem em malha de foco principal com controle de inclina\u00e7\u00e3o energizado. O apelo est\u00e9tico deste prato de malha o torna perfeito para \u00e1reas urbanas e rurais onde \u00e9 necess\u00e1ria uma recep\u00e7\u00e3o confi\u00e1vel de banda C. Este prato \u00e9 projetado principalmente para opera\u00e7\u00f5es de miss\u00e3o cr\u00edtica envolvendo rastreamento de sat\u00e9lites no Cintur\u00e3o Clarke, rastreamento de sat\u00e9lites de \u00f3rbita inclinada e pesquisa de radioastronomia. \u00c9 recomendado para headends de cabos, instala\u00e7\u00f5es militares, departamentos de astronomia de universidades, museus de ci\u00eancias e outras organiza\u00e7\u00f5es que desejam uma esta\u00e7\u00e3o terrestre totalmente orient\u00e1vel de n\u00edvel comercial. Nota: Este \u00e9 o nosso modelo mais recente (2022) com montagem resistente, constru\u00e7\u00e3o em a\u00e7o superior, suporte de refor\u00e7o do painel traseiro em a\u00e7o, constru\u00e7\u00e3o em nervuras de a\u00e7o e a\u00e7o de bitola mais espessa por toda parte para integridade estrutural insuper\u00e1vel. Comprovado em campo e confi\u00e1vel ou seu dinheiro de volta! Nota: Requer 7,5&#8243; O.D. King Post que est\u00e1 inclu\u00eddo. Monta-se no cais de cimento mo\u00eddo. Nota: Esta antena vem com uma montagem de anel duplo. Observe que algumas fotos aqui podem n\u00e3o mostrar o 2\u00ba anel. Nota: Esta antena destina-se a aplica\u00e7\u00f5es comerciais. Antenas de consumidor para recep\u00e7\u00e3o de TV via sat\u00e9lite dom\u00e9stica est\u00e3o dispon\u00edveis aqui. Nota: Pode ser personalizado de acordo com suas especifica\u00e7\u00f5es. Nota: Variedade de suportes de alimenta\u00e7\u00e3o dispon\u00edveis, incluindo foco principal, v\u00e1rios fora do eixo e de acordo com suas especifica\u00e7\u00f5es. Nota: Este \u00e9 um item de pedido especial que normalmente n\u00e3o \u00e9 estocado. Entre em contato conosco sobre nossa pr\u00f3xima produ\u00e7\u00e3o de antenas para que voc\u00ea tenha uma ideia melhor sobre a data de entrega. Um dep\u00f3sito inicial de 25% \u00e9 necess\u00e1rio para fazer um pedido. Apenas perguntas s\u00e9rias.<\/span><\/span><\/span><\/div>\n<\/div>\n<\/div>\n<\/div>\n<\/div>\n<\/div>\n","protected":false},"excerpt":{"rendered":"<p><span class=\"JLqJ4b ChMk0b\"><span class=\"Q4iAWc\">12 Pain\u00e9is de Malha<\/span><\/span> <span class=\"JLqJ4b ChMk0b\"><span class=\"Q4iAWc\">Montagem motorizada para servi\u00e7o pesado (Az-El) (Dual-Ring) com suporte de cinta<\/span><\/span> <span class=\"JLqJ4b ChMk0b\"><span class=\"Q4iAWc\">Conjunto de azimute motorizado com acionamento girat\u00f3rio de 7 polegadas e motor de efeito Hall de 24 V<\/span><\/span> <span class=\"JLqJ4b ChMk0b\"><span class=\"Q4iAWc\">Atuador linear de 24 polegadas para servi\u00e7o pesado<\/span><\/span> <span class=\"JLqJ4b ChMk0b\"><span class=\"Q4iAWc\">Controlador multi-eixo com caixa de fia\u00e7\u00e3o de poste<\/span><\/span> <span class=\"JLqJ4b ChMk0b\"><span class=\"Q4iAWc\">Posto Rei<\/span><\/span> <span class=\"JLqJ4b ChMk0b\"><span class=\"Q4iAWc\">Motor de efeito Hall 24V sobressalente<\/span><\/span> <span class=\"JLqJ4b ChMk0b\"><span class=\"Q4iAWc\">Tampa de alimenta\u00e7\u00e3o<\/span><\/span> <span class=\"JLqJ4b ChMk0b\"><span class=\"Q4iAWc\">Porcas e parafusos de montagem<\/span><\/span><\/p>\n","protected":false},"featured_media":1508,"comment_status":"closed","ping_status":"closed","template":"","meta":{"site-sidebar-layout":"default","site-content-layout":"default","ast-site-content-layout":"default","site-content-style":"default","site-sidebar-style":"default","ast-global-header-display":"","ast-banner-title-visibility":"","ast-main-header-display":"","ast-hfb-above-header-display":"","ast-hfb-below-header-display":"","ast-hfb-mobile-header-display":"","site-post-title":"","ast-breadcrumbs-content":"","ast-featured-img":"","footer-sml-layout":"","theme-transparent-header-meta":"default","adv-header-id-meta":"","stick-header-meta":"","header-above-stick-meta":"","header-main-stick-meta":"","header-below-stick-meta":"","astra-migrate-meta-layouts":"set","ast-page-background-enabled":"default","ast-page-background-meta":{"desktop":{"background-color":"var(--ast-global-color-4)","background-image":"","background-repeat":"repeat","background-position":"center center","background-size":"auto","background-attachment":"scroll","background-type":"","background-media":"","overlay-type":"","overlay-color":"","overlay-gradient":""},"tablet":{"background-color":"","background-image":"","background-repeat":"repeat","background-position":"center center","background-size":"auto","background-attachment":"scroll","background-type":"","background-media":"","overlay-type":"","overlay-color":"","overlay-gradient":""},"mobile":{"background-color":"","background-image":"","background-repeat":"repeat","background-position":"center center","background-size":"auto","background-attachment":"scroll","background-type":"","background-media":"","overlay-type":"","overlay-color":"","overlay-gradient":""}},"ast-content-background-meta":{"desktop":{"background-color":"var(--ast-global-color-5)","background-image":"","background-repeat":"repeat","background-position":"center center","background-size":"auto","background-attachment":"scroll","background-type":"","background-media":"","overlay-type":"","overlay-color":"","overlay-gradient":""},"tablet":{"background-color":"var(--ast-global-color-5)","background-image":"","background-repeat":"repeat","background-position":"center center","background-size":"auto","background-attachment":"scroll","background-type":"","background-media":"","overlay-type":"","overlay-color":"","overlay-gradient":""},"mobile":{"background-color":"var(--ast-global-color-5)","background-image":"","background-repeat":"repeat","background-position":"center center","background-size":"auto","background-attachment":"scroll","background-type":"","background-media":"","overlay-type":"","overlay-color":"","overlay-gradient":""}}},"product_cat":[120],"product_tag":[122,126],"aioseo_notices":[],"yoast_head":"<!-- This site is optimized with the Yoast SEO plugin v22.4 - https:\/\/yoast.com\/wordpress\/plugins\/seo\/ -->\n<title>5m Good qualitty mesh antenna for Chile Market - BWEI- Satellite Antenna<\/title>\n<meta name=\"robots\" content=\"index, follow, max-snippet:-1, max-image-preview:large, max-video-preview:-1\" \/>\n<link rel=\"canonical\" href=\"https:\/\/offsetantenna.com\/index.php\/product\/5m-good-qualitty-mesh-antenna-for-chile-market\/\" \/>\n<meta property=\"og:locale\" content=\"en_US\" \/>\n<meta property=\"og:type\" content=\"article\" \/>\n<meta property=\"og:title\" content=\"5m Good qualitty mesh antenna for Chile Market - BWEI- Satellite Antenna\" \/>\n<meta property=\"og:description\" content=\"12 Pain\u00e9is de Malha Montagem motorizada para servi\u00e7o pesado (Az-El) (Dual-Ring) com suporte de cinta Conjunto de azimute motorizado com acionamento girat\u00f3rio de 7 polegadas e motor de efeito Hall de 24 V Atuador linear de 24 polegadas para servi\u00e7o pesado Controlador multi-eixo com caixa de fia\u00e7\u00e3o de poste Posto Rei Motor de efeito Hall 24V sobressalente Tampa de alimenta\u00e7\u00e3o Porcas e parafusos de montagem\" \/>\n<meta property=\"og:url\" content=\"https:\/\/offsetantenna.com\/index.php\/product\/5m-good-qualitty-mesh-antenna-for-chile-market\/\" \/>\n<meta property=\"og:site_name\" content=\"BWEI- Satellite Antenna\" \/>\n<meta property=\"article:modified_time\" content=\"2024-01-25T08:31:50+00:00\" \/>\n<meta property=\"og:image\" content=\"https:\/\/offsetantenna.com\/wp-content\/uploads\/2024\/01\/mesh-antenna.jpg\" \/>\n\t<meta property=\"og:image:width\" content=\"600\" \/>\n\t<meta property=\"og:image:height\" content=\"600\" \/>\n\t<meta property=\"og:image:type\" content=\"image\/jpeg\" \/>\n<meta name=\"twitter:card\" content=\"summary_large_image\" \/>\n<meta name=\"twitter:label1\" content=\"Est. reading time\" \/>\n\t<meta name=\"twitter:data1\" content=\"2 minutes\" \/>\n<script type=\"application\/ld+json\" class=\"yoast-schema-graph\">{\"@context\":\"https:\/\/schema.org\",\"@graph\":[{\"@type\":\"WebPage\",\"@id\":\"https:\/\/offsetantenna.com\/index.php\/product\/5m-good-qualitty-mesh-antenna-for-chile-market\/\",\"url\":\"https:\/\/offsetantenna.com\/index.php\/product\/5m-good-qualitty-mesh-antenna-for-chile-market\/\",\"name\":\"5m Good qualitty mesh antenna for Chile Market - BWEI- Satellite Antenna\",\"isPartOf\":{\"@id\":\"https:\/\/offsetantenna.com\/#website\"},\"primaryImageOfPage\":{\"@id\":\"https:\/\/offsetantenna.com\/index.php\/product\/5m-good-qualitty-mesh-antenna-for-chile-market\/#primaryimage\"},\"image\":{\"@id\":\"https:\/\/offsetantenna.com\/index.php\/product\/5m-good-qualitty-mesh-antenna-for-chile-market\/#primaryimage\"},\"thumbnailUrl\":\"https:\/\/offsetantenna.com\/wp-content\/uploads\/2024\/01\/mesh-antenna.jpg\",\"datePublished\":\"2024-01-08T03:08:28+00:00\",\"dateModified\":\"2024-01-25T08:31:50+00:00\",\"breadcrumb\":{\"@id\":\"https:\/\/offsetantenna.com\/index.php\/product\/5m-good-qualitty-mesh-antenna-for-chile-market\/#breadcrumb\"},\"inLanguage\":\"en-US\",\"potentialAction\":[{\"@type\":\"ReadAction\",\"target\":[\"https:\/\/offsetantenna.com\/index.php\/product\/5m-good-qualitty-mesh-antenna-for-chile-market\/\"]}]},{\"@type\":\"ImageObject\",\"inLanguage\":\"en-US\",\"@id\":\"https:\/\/offsetantenna.com\/index.php\/product\/5m-good-qualitty-mesh-antenna-for-chile-market\/#primaryimage\",\"url\":\"https:\/\/offsetantenna.com\/wp-content\/uploads\/2024\/01\/mesh-antenna.jpg\",\"contentUrl\":\"https:\/\/offsetantenna.com\/wp-content\/uploads\/2024\/01\/mesh-antenna.jpg\",\"width\":600,\"height\":600},{\"@type\":\"BreadcrumbList\",\"@id\":\"https:\/\/offsetantenna.com\/index.php\/product\/5m-good-qualitty-mesh-antenna-for-chile-market\/#breadcrumb\",\"itemListElement\":[{\"@type\":\"ListItem\",\"position\":1,\"name\":\"\u9996\u9875\",\"item\":\"https:\/\/offsetantenna.com\/\"},{\"@type\":\"ListItem\",\"position\":2,\"name\":\"Produts\",\"item\":\"https:\/\/offsetantenna.com\/index.php\/home\/products\/\"},{\"@type\":\"ListItem\",\"position\":3,\"name\":\"5m Good qualitty mesh antenna for Chile Market\"}]},{\"@type\":\"WebSite\",\"@id\":\"https:\/\/offsetantenna.com\/#website\",\"url\":\"https:\/\/offsetantenna.com\/\",\"name\":\"BWEI- Satellite Antenna\",\"description\":\"BWEI- Satellite Antenna, TV Antenna, Offset Antenna\",\"publisher\":{\"@id\":\"https:\/\/offsetantenna.com\/#organization\"},\"potentialAction\":[{\"@type\":\"SearchAction\",\"target\":{\"@type\":\"EntryPoint\",\"urlTemplate\":\"https:\/\/offsetantenna.com\/?s={search_term_string}\"},\"query-input\":\"required name=search_term_string\"}],\"inLanguage\":\"en-US\"},{\"@type\":\"Organization\",\"@id\":\"https:\/\/offsetantenna.com\/#organization\",\"name\":\"BWEI- Satellite Antenna\",\"url\":\"https:\/\/offsetantenna.com\/\",\"logo\":{\"@type\":\"ImageObject\",\"inLanguage\":\"en-US\",\"@id\":\"https:\/\/offsetantenna.com\/#\/schema\/logo\/image\/\",\"url\":\"https:\/\/offsetantenna.com\/wp-content\/uploads\/2023\/12\/bowei-logo.png\",\"contentUrl\":\"https:\/\/offsetantenna.com\/wp-content\/uploads\/2023\/12\/bowei-logo.png\",\"width\":746,\"height\":286,\"caption\":\"BWEI- Satellite Antenna\"},\"image\":{\"@id\":\"https:\/\/offsetantenna.com\/#\/schema\/logo\/image\/\"}}]}<\/script>\n<!-- \/ Yoast SEO plugin. -->","yoast_head_json":{"title":"5m Good qualitty mesh antenna for Chile Market - BWEI- Satellite Antenna","robots":{"index":"index","follow":"follow","max-snippet":"max-snippet:-1","max-image-preview":"max-image-preview:large","max-video-preview":"max-video-preview:-1"},"canonical":"https:\/\/offsetantenna.com\/index.php\/product\/5m-good-qualitty-mesh-antenna-for-chile-market\/","og_locale":"en_US","og_type":"article","og_title":"5m Good qualitty mesh antenna for Chile Market - BWEI- Satellite Antenna","og_description":"12 Pain\u00e9is de Malha Montagem motorizada para servi\u00e7o pesado (Az-El) (Dual-Ring) com suporte de cinta Conjunto de azimute motorizado com acionamento girat\u00f3rio de 7 polegadas e motor de efeito Hall de 24 V Atuador linear de 24 polegadas para servi\u00e7o pesado Controlador multi-eixo com caixa de fia\u00e7\u00e3o de poste Posto Rei Motor de efeito Hall 24V sobressalente Tampa de alimenta\u00e7\u00e3o Porcas e parafusos de montagem","og_url":"https:\/\/offsetantenna.com\/index.php\/product\/5m-good-qualitty-mesh-antenna-for-chile-market\/","og_site_name":"BWEI- Satellite Antenna","article_modified_time":"2024-01-25T08:31:50+00:00","og_image":[{"width":600,"height":600,"url":"https:\/\/offsetantenna.com\/wp-content\/uploads\/2024\/01\/mesh-antenna.jpg","type":"image\/jpeg"}],"twitter_card":"summary_large_image","twitter_misc":{"Est. reading time":"2 minutes"},"schema":{"@context":"https:\/\/schema.org","@graph":[{"@type":"WebPage","@id":"https:\/\/offsetantenna.com\/index.php\/product\/5m-good-qualitty-mesh-antenna-for-chile-market\/","url":"https:\/\/offsetantenna.com\/index.php\/product\/5m-good-qualitty-mesh-antenna-for-chile-market\/","name":"5m Good qualitty mesh antenna for Chile Market - BWEI- Satellite Antenna","isPartOf":{"@id":"https:\/\/offsetantenna.com\/#website"},"primaryImageOfPage":{"@id":"https:\/\/offsetantenna.com\/index.php\/product\/5m-good-qualitty-mesh-antenna-for-chile-market\/#primaryimage"},"image":{"@id":"https:\/\/offsetantenna.com\/index.php\/product\/5m-good-qualitty-mesh-antenna-for-chile-market\/#primaryimage"},"thumbnailUrl":"https:\/\/offsetantenna.com\/wp-content\/uploads\/2024\/01\/mesh-antenna.jpg","datePublished":"2024-01-08T03:08:28+00:00","dateModified":"2024-01-25T08:31:50+00:00","breadcrumb":{"@id":"https:\/\/offsetantenna.com\/index.php\/product\/5m-good-qualitty-mesh-antenna-for-chile-market\/#breadcrumb"},"inLanguage":"en-US","potentialAction":[{"@type":"ReadAction","target":["https:\/\/offsetantenna.com\/index.php\/product\/5m-good-qualitty-mesh-antenna-for-chile-market\/"]}]},{"@type":"ImageObject","inLanguage":"en-US","@id":"https:\/\/offsetantenna.com\/index.php\/product\/5m-good-qualitty-mesh-antenna-for-chile-market\/#primaryimage","url":"https:\/\/offsetantenna.com\/wp-content\/uploads\/2024\/01\/mesh-antenna.jpg","contentUrl":"https:\/\/offsetantenna.com\/wp-content\/uploads\/2024\/01\/mesh-antenna.jpg","width":600,"height":600},{"@type":"BreadcrumbList","@id":"https:\/\/offsetantenna.com\/index.php\/product\/5m-good-qualitty-mesh-antenna-for-chile-market\/#breadcrumb","itemListElement":[{"@type":"ListItem","position":1,"name":"\u9996\u9875","item":"https:\/\/offsetantenna.com\/"},{"@type":"ListItem","position":2,"name":"Produts","item":"https:\/\/offsetantenna.com\/index.php\/home\/products\/"},{"@type":"ListItem","position":3,"name":"5m Good qualitty mesh antenna for Chile Market"}]},{"@type":"WebSite","@id":"https:\/\/offsetantenna.com\/#website","url":"https:\/\/offsetantenna.com\/","name":"BWEI- Satellite Antenna","description":"BWEI- Satellite Antenna, TV Antenna, Offset Antenna","publisher":{"@id":"https:\/\/offsetantenna.com\/#organization"},"potentialAction":[{"@type":"SearchAction","target":{"@type":"EntryPoint","urlTemplate":"https:\/\/offsetantenna.com\/?s={search_term_string}"},"query-input":"required name=search_term_string"}],"inLanguage":"en-US"},{"@type":"Organization","@id":"https:\/\/offsetantenna.com\/#organization","name":"BWEI- Satellite Antenna","url":"https:\/\/offsetantenna.com\/","logo":{"@type":"ImageObject","inLanguage":"en-US","@id":"https:\/\/offsetantenna.com\/#\/schema\/logo\/image\/","url":"https:\/\/offsetantenna.com\/wp-content\/uploads\/2023\/12\/bowei-logo.png","contentUrl":"https:\/\/offsetantenna.com\/wp-content\/uploads\/2023\/12\/bowei-logo.png","width":746,"height":286,"caption":"BWEI- Satellite Antenna"},"image":{"@id":"https:\/\/offsetantenna.com\/#\/schema\/logo\/image\/"}}]}},"_links":{"self":[{"href":"https:\/\/offsetantenna.com\/index.php\/wp-json\/wp\/v2\/product\/1484"}],"collection":[{"href":"https:\/\/offsetantenna.com\/index.php\/wp-json\/wp\/v2\/product"}],"about":[{"href":"https:\/\/offsetantenna.com\/index.php\/wp-json\/wp\/v2\/types\/product"}],"replies":[{"embeddable":true,"href":"https:\/\/offsetantenna.com\/index.php\/wp-json\/wp\/v2\/comments?post=1484"}],"version-history":[{"count":1,"href":"https:\/\/offsetantenna.com\/index.php\/wp-json\/wp\/v2\/product\/1484\/revisions"}],"predecessor-version":[{"id":1604,"href":"https:\/\/offsetantenna.com\/index.php\/wp-json\/wp\/v2\/product\/1484\/revisions\/1604"}],"wp:featuredmedia":[{"embeddable":true,"href":"https:\/\/offsetantenna.com\/index.php\/wp-json\/wp\/v2\/media\/1508"}],"wp:attachment":[{"href":"https:\/\/offsetantenna.com\/index.php\/wp-json\/wp\/v2\/media?parent=1484"}],"wp:term":[{"taxonomy":"product_cat","embeddable":true,"href":"https:\/\/offsetantenna.com\/index.php\/wp-json\/wp\/v2\/product_cat?post=1484"},{"taxonomy":"product_tag","embeddable":true,"href":"https:\/\/offsetantenna.com\/index.php\/wp-json\/wp\/v2\/product_tag?post=1484"}],"curies":[{"name":"wp","href":"https:\/\/api.w.org\/{rel}","templated":true}]}}