{"id":1483,"date":"2024-01-08T03:08:28","date_gmt":"2024-01-08T03:08:28","guid":{"rendered":"https:\/\/offsetantenna.com\/?post_type=product&#038;p=1483"},"modified":"2024-01-25T08:30:58","modified_gmt":"2024-01-25T08:30:58","slug":"anti-rust-4-5m-mesh-antenna-for-mexico-markets","status":"publish","type":"product","link":"https:\/\/offsetantenna.com\/index.php\/product\/anti-rust-4-5m-mesh-antenna-for-mexico-markets\/","title":{"rendered":"4.5m Anti-rust  mesh antenna For Mexico Markets"},"content":{"rendered":"<p><span class=\"JLqJ4b ChMk0b\"><span class=\"Q4iAWc\">Calidad de grado comercial.<\/span><\/span> <span class=\"JLqJ4b ChMk0b\"><span class=\"Q4iAWc\">Construcci\u00f3n resistente que incluye costillas de acero para el reflector<\/span><\/span> <span class=\"JLqJ4b ChMk0b\"><span class=\"Q4iAWc\">Ensamblaje de alimentaci\u00f3n el\u00e9ctrica con posicionamiento de bocina ajustable e iluminaci\u00f3n de reflector<\/span><\/span> <span class=\"JLqJ4b ChMk0b\"><span class=\"Q4iAWc\">La malla de orificio peque\u00f1o (&lt; 1,2 mm) garantiza que la recepci\u00f3n de la se\u00f1al de banda Ku sea tan confiable como la recepci\u00f3n de la se\u00f1al de banda C<\/span><\/span> <span class=\"JLqJ4b ChMk0b\"><span class=\"Q4iAWc\">Unidad de giro de 7 pulgadas de servicio pesado para direcci\u00f3n azimutal<\/span><\/span> <span class=\"JLqJ4b ChMk0b\"><span class=\"Q4iAWc\">Actuador de servicio pesado para direcci\u00f3n de elevaci\u00f3n<\/span><\/span> <span class=\"JLqJ4b ChMk0b\"><span class=\"Q4iAWc\">Controlador de escritorio o de montaje en rack multieje<\/span><\/span> <span class=\"JLqJ4b ChMk0b\"><span class=\"Q4iAWc\">Soporte de alimentaci\u00f3n personalizable para cualquier aplicaci\u00f3n<\/span><\/span> <span class=\"JLqJ4b ChMk0b\"><span class=\"Q4iAWc\">Malla de 2,0 mm de grosor para mayor resistencia<\/span><\/span> <span class=\"JLqJ4b ChMk0b\"><span class=\"Q4iAWc\">INCLUYE<\/span><\/span><\/p>\n","protected":false},"excerpt":{"rendered":"<p><span class=\"JLqJ4b ChMk0b\"><span class=\"Q4iAWc\">12 paneles de malla<\/span><\/span> <span class=\"JLqJ4b ChMk0b\"><span class=\"Q4iAWc\">Montaje motorizado de servicio pesado (Az-El) (anillo doble) con soporte de abrazadera<\/span><\/span> <span class=\"JLqJ4b ChMk0b\"><span class=\"Q4iAWc\">Ensamblaje azimutal motorizado con accionamiento giratorio de 7 pulgadas y motor de efecto Hall de 24 V<\/span><\/span> <span class=\"JLqJ4b ChMk0b\"><span class=\"Q4iAWc\">Actuador lineal de servicio pesado de 24 pulgadas<\/span><\/span> <span class=\"JLqJ4b ChMk0b\"><span class=\"Q4iAWc\">Controlador multieje con caja de cableado de polos<\/span><\/span> <span class=\"JLqJ4b ChMk0b\"><span class=\"Q4iAWc\">puesto rey<\/span><\/span> <span class=\"JLqJ4b ChMk0b\"><span class=\"Q4iAWc\">Motor de efecto Hall de repuesto de 24 V<\/span><\/span> <span class=\"JLqJ4b ChMk0b\"><span class=\"Q4iAWc\">Cubierta de alimentaci\u00f3n<\/span><\/span> <span class=\"JLqJ4b ChMk0b\"><span class=\"Q4iAWc\">Tuercas y pernos de montaje<\/span><\/span><\/p>\n","protected":false},"featured_media":1508,"comment_status":"closed","ping_status":"closed","template":"","meta":{"site-sidebar-layout":"default","site-content-layout":"default","ast-site-content-layout":"default","site-content-style":"default","site-sidebar-style":"default","ast-global-header-display":"","ast-banner-title-visibility":"","ast-main-header-display":"","ast-hfb-above-header-display":"","ast-hfb-below-header-display":"","ast-hfb-mobile-header-display":"","site-post-title":"","ast-breadcrumbs-content":"","ast-featured-img":"","footer-sml-layout":"","theme-transparent-header-meta":"default","adv-header-id-meta":"","stick-header-meta":"","header-above-stick-meta":"","header-main-stick-meta":"","header-below-stick-meta":"","astra-migrate-meta-layouts":"set","ast-page-background-enabled":"default","ast-page-background-meta":{"desktop":{"background-color":"var(--ast-global-color-4)","background-image":"","background-repeat":"repeat","background-position":"center center","background-size":"auto","background-attachment":"scroll","background-type":"","background-media":"","overlay-type":"","overlay-color":"","overlay-gradient":""},"tablet":{"background-color":"","background-image":"","background-repeat":"repeat","background-position":"center center","background-size":"auto","background-attachment":"scroll","background-type":"","background-media":"","overlay-type":"","overlay-color":"","overlay-gradient":""},"mobile":{"background-color":"","background-image":"","background-repeat":"repeat","background-position":"center center","background-size":"auto","background-attachment":"scroll","background-type":"","background-media":"","overlay-type":"","overlay-color":"","overlay-gradient":""}},"ast-content-background-meta":{"desktop":{"background-color":"var(--ast-global-color-5)","background-image":"","background-repeat":"repeat","background-position":"center center","background-size":"auto","background-attachment":"scroll","background-type":"","background-media":"","overlay-type":"","overlay-color":"","overlay-gradient":""},"tablet":{"background-color":"var(--ast-global-color-5)","background-image":"","background-repeat":"repeat","background-position":"center center","background-size":"auto","background-attachment":"scroll","background-type":"","background-media":"","overlay-type":"","overlay-color":"","overlay-gradient":""},"mobile":{"background-color":"var(--ast-global-color-5)","background-image":"","background-repeat":"repeat","background-position":"center center","background-size":"auto","background-attachment":"scroll","background-type":"","background-media":"","overlay-type":"","overlay-color":"","overlay-gradient":""}}},"product_cat":[120],"product_tag":[122,133,134],"aioseo_notices":[],"yoast_head":"<!-- This site is optimized with the Yoast SEO plugin v22.4 - https:\/\/yoast.com\/wordpress\/plugins\/seo\/ -->\n<title>4.5m Anti-rust mesh antenna For Mexico Markets - BWEI- Satellite Antenna<\/title>\n<meta name=\"robots\" content=\"index, follow, max-snippet:-1, max-image-preview:large, max-video-preview:-1\" \/>\n<link rel=\"canonical\" href=\"https:\/\/offsetantenna.com\/index.php\/product\/anti-rust-4-5m-mesh-antenna-for-mexico-markets\/\" \/>\n<meta property=\"og:locale\" content=\"en_US\" \/>\n<meta property=\"og:type\" content=\"article\" \/>\n<meta property=\"og:title\" content=\"4.5m Anti-rust mesh antenna For Mexico Markets - BWEI- Satellite Antenna\" \/>\n<meta property=\"og:description\" content=\"12 paneles de malla Montaje motorizado de servicio pesado (Az-El) (anillo doble) con soporte de abrazadera Ensamblaje azimutal motorizado con accionamiento giratorio de 7 pulgadas y motor de efecto Hall de 24 V Actuador lineal de servicio pesado de 24 pulgadas Controlador multieje con caja de cableado de polos puesto rey Motor de efecto Hall de repuesto de 24 V Cubierta de alimentaci\u00f3n Tuercas y pernos de montaje\" \/>\n<meta property=\"og:url\" content=\"https:\/\/offsetantenna.com\/index.php\/product\/anti-rust-4-5m-mesh-antenna-for-mexico-markets\/\" \/>\n<meta property=\"og:site_name\" content=\"BWEI- Satellite Antenna\" \/>\n<meta property=\"article:modified_time\" content=\"2024-01-25T08:30:58+00:00\" \/>\n<meta property=\"og:image\" content=\"https:\/\/offsetantenna.com\/wp-content\/uploads\/2024\/01\/mesh-antenna.jpg\" \/>\n\t<meta property=\"og:image:width\" content=\"600\" \/>\n\t<meta property=\"og:image:height\" content=\"600\" \/>\n\t<meta property=\"og:image:type\" content=\"image\/jpeg\" \/>\n<meta name=\"twitter:card\" content=\"summary_large_image\" \/>\n<meta name=\"twitter:label1\" content=\"Est. reading time\" \/>\n\t<meta name=\"twitter:data1\" content=\"1 minute\" \/>\n<script type=\"application\/ld+json\" class=\"yoast-schema-graph\">{\"@context\":\"https:\/\/schema.org\",\"@graph\":[{\"@type\":\"WebPage\",\"@id\":\"https:\/\/offsetantenna.com\/index.php\/product\/anti-rust-4-5m-mesh-antenna-for-mexico-markets\/\",\"url\":\"https:\/\/offsetantenna.com\/index.php\/product\/anti-rust-4-5m-mesh-antenna-for-mexico-markets\/\",\"name\":\"4.5m Anti-rust mesh antenna For Mexico Markets - BWEI- Satellite Antenna\",\"isPartOf\":{\"@id\":\"https:\/\/offsetantenna.com\/#website\"},\"primaryImageOfPage\":{\"@id\":\"https:\/\/offsetantenna.com\/index.php\/product\/anti-rust-4-5m-mesh-antenna-for-mexico-markets\/#primaryimage\"},\"image\":{\"@id\":\"https:\/\/offsetantenna.com\/index.php\/product\/anti-rust-4-5m-mesh-antenna-for-mexico-markets\/#primaryimage\"},\"thumbnailUrl\":\"https:\/\/offsetantenna.com\/wp-content\/uploads\/2024\/01\/mesh-antenna.jpg\",\"datePublished\":\"2024-01-08T03:08:28+00:00\",\"dateModified\":\"2024-01-25T08:30:58+00:00\",\"breadcrumb\":{\"@id\":\"https:\/\/offsetantenna.com\/index.php\/product\/anti-rust-4-5m-mesh-antenna-for-mexico-markets\/#breadcrumb\"},\"inLanguage\":\"en-US\",\"potentialAction\":[{\"@type\":\"ReadAction\",\"target\":[\"https:\/\/offsetantenna.com\/index.php\/product\/anti-rust-4-5m-mesh-antenna-for-mexico-markets\/\"]}]},{\"@type\":\"ImageObject\",\"inLanguage\":\"en-US\",\"@id\":\"https:\/\/offsetantenna.com\/index.php\/product\/anti-rust-4-5m-mesh-antenna-for-mexico-markets\/#primaryimage\",\"url\":\"https:\/\/offsetantenna.com\/wp-content\/uploads\/2024\/01\/mesh-antenna.jpg\",\"contentUrl\":\"https:\/\/offsetantenna.com\/wp-content\/uploads\/2024\/01\/mesh-antenna.jpg\",\"width\":600,\"height\":600},{\"@type\":\"BreadcrumbList\",\"@id\":\"https:\/\/offsetantenna.com\/index.php\/product\/anti-rust-4-5m-mesh-antenna-for-mexico-markets\/#breadcrumb\",\"itemListElement\":[{\"@type\":\"ListItem\",\"position\":1,\"name\":\"\u9996\u9875\",\"item\":\"https:\/\/offsetantenna.com\/\"},{\"@type\":\"ListItem\",\"position\":2,\"name\":\"Produts\",\"item\":\"https:\/\/offsetantenna.com\/index.php\/home\/products\/\"},{\"@type\":\"ListItem\",\"position\":3,\"name\":\"4.5m Anti-rust mesh antenna For Mexico Markets\"}]},{\"@type\":\"WebSite\",\"@id\":\"https:\/\/offsetantenna.com\/#website\",\"url\":\"https:\/\/offsetantenna.com\/\",\"name\":\"BWEI- Satellite Antenna\",\"description\":\"BWEI- Satellite Antenna, TV Antenna, Offset Antenna\",\"publisher\":{\"@id\":\"https:\/\/offsetantenna.com\/#organization\"},\"potentialAction\":[{\"@type\":\"SearchAction\",\"target\":{\"@type\":\"EntryPoint\",\"urlTemplate\":\"https:\/\/offsetantenna.com\/?s={search_term_string}\"},\"query-input\":\"required name=search_term_string\"}],\"inLanguage\":\"en-US\"},{\"@type\":\"Organization\",\"@id\":\"https:\/\/offsetantenna.com\/#organization\",\"name\":\"BWEI- Satellite Antenna\",\"url\":\"https:\/\/offsetantenna.com\/\",\"logo\":{\"@type\":\"ImageObject\",\"inLanguage\":\"en-US\",\"@id\":\"https:\/\/offsetantenna.com\/#\/schema\/logo\/image\/\",\"url\":\"https:\/\/offsetantenna.com\/wp-content\/uploads\/2023\/12\/bowei-logo.png\",\"contentUrl\":\"https:\/\/offsetantenna.com\/wp-content\/uploads\/2023\/12\/bowei-logo.png\",\"width\":746,\"height\":286,\"caption\":\"BWEI- Satellite Antenna\"},\"image\":{\"@id\":\"https:\/\/offsetantenna.com\/#\/schema\/logo\/image\/\"}}]}<\/script>\n<!-- \/ Yoast SEO plugin. -->","yoast_head_json":{"title":"4.5m Anti-rust mesh antenna For Mexico Markets - BWEI- Satellite Antenna","robots":{"index":"index","follow":"follow","max-snippet":"max-snippet:-1","max-image-preview":"max-image-preview:large","max-video-preview":"max-video-preview:-1"},"canonical":"https:\/\/offsetantenna.com\/index.php\/product\/anti-rust-4-5m-mesh-antenna-for-mexico-markets\/","og_locale":"en_US","og_type":"article","og_title":"4.5m Anti-rust mesh antenna For Mexico Markets - BWEI- Satellite Antenna","og_description":"12 paneles de malla Montaje motorizado de servicio pesado (Az-El) (anillo doble) con soporte de abrazadera Ensamblaje azimutal motorizado con accionamiento giratorio de 7 pulgadas y motor de efecto Hall de 24 V Actuador lineal de servicio pesado de 24 pulgadas Controlador multieje con caja de cableado de polos puesto rey Motor de efecto Hall de repuesto de 24 V Cubierta de alimentaci\u00f3n Tuercas y pernos de montaje","og_url":"https:\/\/offsetantenna.com\/index.php\/product\/anti-rust-4-5m-mesh-antenna-for-mexico-markets\/","og_site_name":"BWEI- Satellite Antenna","article_modified_time":"2024-01-25T08:30:58+00:00","og_image":[{"width":600,"height":600,"url":"https:\/\/offsetantenna.com\/wp-content\/uploads\/2024\/01\/mesh-antenna.jpg","type":"image\/jpeg"}],"twitter_card":"summary_large_image","twitter_misc":{"Est. reading time":"1 minute"},"schema":{"@context":"https:\/\/schema.org","@graph":[{"@type":"WebPage","@id":"https:\/\/offsetantenna.com\/index.php\/product\/anti-rust-4-5m-mesh-antenna-for-mexico-markets\/","url":"https:\/\/offsetantenna.com\/index.php\/product\/anti-rust-4-5m-mesh-antenna-for-mexico-markets\/","name":"4.5m Anti-rust mesh antenna For Mexico Markets - BWEI- Satellite Antenna","isPartOf":{"@id":"https:\/\/offsetantenna.com\/#website"},"primaryImageOfPage":{"@id":"https:\/\/offsetantenna.com\/index.php\/product\/anti-rust-4-5m-mesh-antenna-for-mexico-markets\/#primaryimage"},"image":{"@id":"https:\/\/offsetantenna.com\/index.php\/product\/anti-rust-4-5m-mesh-antenna-for-mexico-markets\/#primaryimage"},"thumbnailUrl":"https:\/\/offsetantenna.com\/wp-content\/uploads\/2024\/01\/mesh-antenna.jpg","datePublished":"2024-01-08T03:08:28+00:00","dateModified":"2024-01-25T08:30:58+00:00","breadcrumb":{"@id":"https:\/\/offsetantenna.com\/index.php\/product\/anti-rust-4-5m-mesh-antenna-for-mexico-markets\/#breadcrumb"},"inLanguage":"en-US","potentialAction":[{"@type":"ReadAction","target":["https:\/\/offsetantenna.com\/index.php\/product\/anti-rust-4-5m-mesh-antenna-for-mexico-markets\/"]}]},{"@type":"ImageObject","inLanguage":"en-US","@id":"https:\/\/offsetantenna.com\/index.php\/product\/anti-rust-4-5m-mesh-antenna-for-mexico-markets\/#primaryimage","url":"https:\/\/offsetantenna.com\/wp-content\/uploads\/2024\/01\/mesh-antenna.jpg","contentUrl":"https:\/\/offsetantenna.com\/wp-content\/uploads\/2024\/01\/mesh-antenna.jpg","width":600,"height":600},{"@type":"BreadcrumbList","@id":"https:\/\/offsetantenna.com\/index.php\/product\/anti-rust-4-5m-mesh-antenna-for-mexico-markets\/#breadcrumb","itemListElement":[{"@type":"ListItem","position":1,"name":"\u9996\u9875","item":"https:\/\/offsetantenna.com\/"},{"@type":"ListItem","position":2,"name":"Produts","item":"https:\/\/offsetantenna.com\/index.php\/home\/products\/"},{"@type":"ListItem","position":3,"name":"4.5m Anti-rust mesh antenna For Mexico Markets"}]},{"@type":"WebSite","@id":"https:\/\/offsetantenna.com\/#website","url":"https:\/\/offsetantenna.com\/","name":"BWEI- Satellite Antenna","description":"BWEI- Satellite Antenna, TV Antenna, Offset Antenna","publisher":{"@id":"https:\/\/offsetantenna.com\/#organization"},"potentialAction":[{"@type":"SearchAction","target":{"@type":"EntryPoint","urlTemplate":"https:\/\/offsetantenna.com\/?s={search_term_string}"},"query-input":"required name=search_term_string"}],"inLanguage":"en-US"},{"@type":"Organization","@id":"https:\/\/offsetantenna.com\/#organization","name":"BWEI- Satellite Antenna","url":"https:\/\/offsetantenna.com\/","logo":{"@type":"ImageObject","inLanguage":"en-US","@id":"https:\/\/offsetantenna.com\/#\/schema\/logo\/image\/","url":"https:\/\/offsetantenna.com\/wp-content\/uploads\/2023\/12\/bowei-logo.png","contentUrl":"https:\/\/offsetantenna.com\/wp-content\/uploads\/2023\/12\/bowei-logo.png","width":746,"height":286,"caption":"BWEI- Satellite Antenna"},"image":{"@id":"https:\/\/offsetantenna.com\/#\/schema\/logo\/image\/"}}]}},"_links":{"self":[{"href":"https:\/\/offsetantenna.com\/index.php\/wp-json\/wp\/v2\/product\/1483"}],"collection":[{"href":"https:\/\/offsetantenna.com\/index.php\/wp-json\/wp\/v2\/product"}],"about":[{"href":"https:\/\/offsetantenna.com\/index.php\/wp-json\/wp\/v2\/types\/product"}],"replies":[{"embeddable":true,"href":"https:\/\/offsetantenna.com\/index.php\/wp-json\/wp\/v2\/comments?post=1483"}],"version-history":[{"count":1,"href":"https:\/\/offsetantenna.com\/index.php\/wp-json\/wp\/v2\/product\/1483\/revisions"}],"predecessor-version":[{"id":1603,"href":"https:\/\/offsetantenna.com\/index.php\/wp-json\/wp\/v2\/product\/1483\/revisions\/1603"}],"wp:featuredmedia":[{"embeddable":true,"href":"https:\/\/offsetantenna.com\/index.php\/wp-json\/wp\/v2\/media\/1508"}],"wp:attachment":[{"href":"https:\/\/offsetantenna.com\/index.php\/wp-json\/wp\/v2\/media?parent=1483"}],"wp:term":[{"taxonomy":"product_cat","embeddable":true,"href":"https:\/\/offsetantenna.com\/index.php\/wp-json\/wp\/v2\/product_cat?post=1483"},{"taxonomy":"product_tag","embeddable":true,"href":"https:\/\/offsetantenna.com\/index.php\/wp-json\/wp\/v2\/product_tag?post=1483"}],"curies":[{"name":"wp","href":"https:\/\/api.w.org\/{rel}","templated":true}]}}