{"id":1479,"date":"2024-01-08T03:08:27","date_gmt":"2024-01-08T03:08:27","guid":{"rendered":"https:\/\/offsetantenna.com\/?post_type=product&#038;p=1479"},"modified":"2024-01-08T03:08:31","modified_gmt":"2024-01-08T03:08:31","slug":"perfect-mesh-antenna","status":"publish","type":"product","link":"https:\/\/offsetantenna.com\/index.php\/product\/perfect-mesh-antenna\/","title":{"rendered":"perfect mesh antenna"},"content":{"rendered":"<h2>The aesthetic appeal of this mesh dish makes it perfect<\/h2>\n<p>Nota: Este es nuestro \u00faltimo modelo (2022) con montaje de servicio pesado, construcci\u00f3n de acero superior, brazo m\u00e1s grande y acero de calibre m\u00e1s grueso para una inclinaci\u00f3n m\u00ednima. \u00a1Probado en el campo y confiable o le devolvemos su dinero! Nota: Requiere un poste de montaje de 4,5&#8243; de di\u00e1metro exterior que se vende por separado. Nota: Esta antena est\u00e1 dise\u00f1ada para uso residencial. Nota: Bien recibido por los entusiastas de la televisi\u00f3n satelital dom\u00e9stica. Puedes encontrar una rese\u00f1a de esta antena en Satellite Guys Nota: para ver los canales disponibles, consulte TVROSat<\/p>\n","protected":false},"excerpt":{"rendered":"<p>Prime Focus quad feed support<br \/>\nSmall hole(&lt; 1.5mm) mesh ensures Ku-Band signal reception is just as reliable as C-Band signal reception<br \/>\n1.5mm mesh thickness for strength<br \/>\nINCLUDES<br \/>\n8 Mesh Panels<br \/>\nPolar Mount<br \/>\n4 LNBF struts<br \/>\nDeclination bracket<\/p>\n","protected":false},"featured_media":1504,"comment_status":"closed","ping_status":"closed","template":"","meta":{"site-sidebar-layout":"default","site-content-layout":"default","ast-site-content-layout":"default","site-content-style":"default","site-sidebar-style":"default","ast-global-header-display":"","ast-banner-title-visibility":"","ast-main-header-display":"","ast-hfb-above-header-display":"","ast-hfb-below-header-display":"","ast-hfb-mobile-header-display":"","site-post-title":"","ast-breadcrumbs-content":"","ast-featured-img":"","footer-sml-layout":"","theme-transparent-header-meta":"default","adv-header-id-meta":"","stick-header-meta":"","header-above-stick-meta":"","header-main-stick-meta":"","header-below-stick-meta":"","astra-migrate-meta-layouts":"set","ast-page-background-enabled":"default","ast-page-background-meta":{"desktop":{"background-color":"var(--ast-global-color-4)","background-image":"","background-repeat":"repeat","background-position":"center center","background-size":"auto","background-attachment":"scroll","background-type":"","background-media":"","overlay-type":"","overlay-color":"","overlay-gradient":""},"tablet":{"background-color":"","background-image":"","background-repeat":"repeat","background-position":"center center","background-size":"auto","background-attachment":"scroll","background-type":"","background-media":"","overlay-type":"","overlay-color":"","overlay-gradient":""},"mobile":{"background-color":"","background-image":"","background-repeat":"repeat","background-position":"center center","background-size":"auto","background-attachment":"scroll","background-type":"","background-media":"","overlay-type":"","overlay-color":"","overlay-gradient":""}},"ast-content-background-meta":{"desktop":{"background-color":"var(--ast-global-color-5)","background-image":"","background-repeat":"repeat","background-position":"center center","background-size":"auto","background-attachment":"scroll","background-type":"","background-media":"","overlay-type":"","overlay-color":"","overlay-gradient":""},"tablet":{"background-color":"var(--ast-global-color-5)","background-image":"","background-repeat":"repeat","background-position":"center center","background-size":"auto","background-attachment":"scroll","background-type":"","background-media":"","overlay-type":"","overlay-color":"","overlay-gradient":""},"mobile":{"background-color":"var(--ast-global-color-5)","background-image":"","background-repeat":"repeat","background-position":"center center","background-size":"auto","background-attachment":"scroll","background-type":"","background-media":"","overlay-type":"","overlay-color":"","overlay-gradient":""}}},"product_cat":[120],"product_tag":[122,133,134],"aioseo_notices":[],"yoast_head":"<!-- This site is optimized with the Yoast SEO plugin v22.4 - https:\/\/yoast.com\/wordpress\/plugins\/seo\/ -->\n<title>perfect mesh antenna - BWEI- Satellite Antenna<\/title>\n<meta name=\"robots\" content=\"index, follow, max-snippet:-1, max-image-preview:large, max-video-preview:-1\" \/>\n<link rel=\"canonical\" href=\"https:\/\/offsetantenna.com\/index.php\/product\/perfect-mesh-antenna\/\" \/>\n<meta property=\"og:locale\" content=\"en_US\" \/>\n<meta property=\"og:type\" content=\"article\" \/>\n<meta property=\"og:title\" content=\"perfect mesh antenna - BWEI- Satellite Antenna\" \/>\n<meta property=\"og:description\" content=\"Prime Focus quad feed support Small hole(&lt; 1.5mm) mesh ensures Ku-Band signal reception is just as reliable as C-Band signal reception 1.5mm mesh thickness for strength INCLUDES 8 Mesh Panels Polar Mount 4 LNBF struts Declination bracket\" \/>\n<meta property=\"og:url\" content=\"https:\/\/offsetantenna.com\/index.php\/product\/perfect-mesh-antenna\/\" \/>\n<meta property=\"og:site_name\" content=\"BWEI- Satellite Antenna\" \/>\n<meta property=\"article:modified_time\" content=\"2024-01-08T03:08:31+00:00\" \/>\n<meta property=\"og:image\" content=\"https:\/\/offsetantenna.com\/wp-content\/uploads\/2024\/01\/4.0-meter-C-band-Mesh-Satellite-Receiver-Antenna-2.jpg\" \/>\n\t<meta property=\"og:image:width\" content=\"600\" \/>\n\t<meta property=\"og:image:height\" content=\"600\" \/>\n\t<meta property=\"og:image:type\" content=\"image\/jpeg\" \/>\n<meta name=\"twitter:card\" content=\"summary_large_image\" \/>\n<meta name=\"twitter:label1\" content=\"Est. reading time\" \/>\n\t<meta name=\"twitter:data1\" content=\"1 minute\" \/>\n<script type=\"application\/ld+json\" class=\"yoast-schema-graph\">{\"@context\":\"https:\/\/schema.org\",\"@graph\":[{\"@type\":\"WebPage\",\"@id\":\"https:\/\/offsetantenna.com\/index.php\/product\/perfect-mesh-antenna\/\",\"url\":\"https:\/\/offsetantenna.com\/index.php\/product\/perfect-mesh-antenna\/\",\"name\":\"perfect mesh antenna - BWEI- Satellite Antenna\",\"isPartOf\":{\"@id\":\"https:\/\/offsetantenna.com\/#website\"},\"primaryImageOfPage\":{\"@id\":\"https:\/\/offsetantenna.com\/index.php\/product\/perfect-mesh-antenna\/#primaryimage\"},\"image\":{\"@id\":\"https:\/\/offsetantenna.com\/index.php\/product\/perfect-mesh-antenna\/#primaryimage\"},\"thumbnailUrl\":\"https:\/\/offsetantenna.com\/wp-content\/uploads\/2024\/01\/4.0-meter-C-band-Mesh-Satellite-Receiver-Antenna-2.jpg\",\"datePublished\":\"2024-01-08T03:08:27+00:00\",\"dateModified\":\"2024-01-08T03:08:31+00:00\",\"breadcrumb\":{\"@id\":\"https:\/\/offsetantenna.com\/index.php\/product\/perfect-mesh-antenna\/#breadcrumb\"},\"inLanguage\":\"en-US\",\"potentialAction\":[{\"@type\":\"ReadAction\",\"target\":[\"https:\/\/offsetantenna.com\/index.php\/product\/perfect-mesh-antenna\/\"]}]},{\"@type\":\"ImageObject\",\"inLanguage\":\"en-US\",\"@id\":\"https:\/\/offsetantenna.com\/index.php\/product\/perfect-mesh-antenna\/#primaryimage\",\"url\":\"https:\/\/offsetantenna.com\/wp-content\/uploads\/2024\/01\/4.0-meter-C-band-Mesh-Satellite-Receiver-Antenna-2.jpg\",\"contentUrl\":\"https:\/\/offsetantenna.com\/wp-content\/uploads\/2024\/01\/4.0-meter-C-band-Mesh-Satellite-Receiver-Antenna-2.jpg\",\"width\":600,\"height\":600},{\"@type\":\"BreadcrumbList\",\"@id\":\"https:\/\/offsetantenna.com\/index.php\/product\/perfect-mesh-antenna\/#breadcrumb\",\"itemListElement\":[{\"@type\":\"ListItem\",\"position\":1,\"name\":\"\u9996\u9875\",\"item\":\"https:\/\/offsetantenna.com\/\"},{\"@type\":\"ListItem\",\"position\":2,\"name\":\"Produts\",\"item\":\"https:\/\/offsetantenna.com\/index.php\/home\/products\/\"},{\"@type\":\"ListItem\",\"position\":3,\"name\":\"perfect mesh antenna\"}]},{\"@type\":\"WebSite\",\"@id\":\"https:\/\/offsetantenna.com\/#website\",\"url\":\"https:\/\/offsetantenna.com\/\",\"name\":\"BWEI- Satellite Antenna\",\"description\":\"BWEI- Satellite Antenna, TV Antenna, Offset Antenna\",\"publisher\":{\"@id\":\"https:\/\/offsetantenna.com\/#organization\"},\"potentialAction\":[{\"@type\":\"SearchAction\",\"target\":{\"@type\":\"EntryPoint\",\"urlTemplate\":\"https:\/\/offsetantenna.com\/?s={search_term_string}\"},\"query-input\":\"required name=search_term_string\"}],\"inLanguage\":\"en-US\"},{\"@type\":\"Organization\",\"@id\":\"https:\/\/offsetantenna.com\/#organization\",\"name\":\"BWEI- Satellite Antenna\",\"url\":\"https:\/\/offsetantenna.com\/\",\"logo\":{\"@type\":\"ImageObject\",\"inLanguage\":\"en-US\",\"@id\":\"https:\/\/offsetantenna.com\/#\/schema\/logo\/image\/\",\"url\":\"https:\/\/offsetantenna.com\/wp-content\/uploads\/2023\/12\/bowei-logo.png\",\"contentUrl\":\"https:\/\/offsetantenna.com\/wp-content\/uploads\/2023\/12\/bowei-logo.png\",\"width\":746,\"height\":286,\"caption\":\"BWEI- Satellite Antenna\"},\"image\":{\"@id\":\"https:\/\/offsetantenna.com\/#\/schema\/logo\/image\/\"}}]}<\/script>\n<!-- \/ Yoast SEO plugin. -->","yoast_head_json":{"title":"perfect mesh antenna - BWEI- Satellite Antenna","robots":{"index":"index","follow":"follow","max-snippet":"max-snippet:-1","max-image-preview":"max-image-preview:large","max-video-preview":"max-video-preview:-1"},"canonical":"https:\/\/offsetantenna.com\/index.php\/product\/perfect-mesh-antenna\/","og_locale":"en_US","og_type":"article","og_title":"perfect mesh antenna - BWEI- Satellite Antenna","og_description":"Prime Focus quad feed support Small hole(&lt; 1.5mm) mesh ensures Ku-Band signal reception is just as reliable as C-Band signal reception 1.5mm mesh thickness for strength INCLUDES 8 Mesh Panels Polar Mount 4 LNBF struts Declination bracket","og_url":"https:\/\/offsetantenna.com\/index.php\/product\/perfect-mesh-antenna\/","og_site_name":"BWEI- Satellite Antenna","article_modified_time":"2024-01-08T03:08:31+00:00","og_image":[{"width":600,"height":600,"url":"https:\/\/offsetantenna.com\/wp-content\/uploads\/2024\/01\/4.0-meter-C-band-Mesh-Satellite-Receiver-Antenna-2.jpg","type":"image\/jpeg"}],"twitter_card":"summary_large_image","twitter_misc":{"Est. reading time":"1 minute"},"schema":{"@context":"https:\/\/schema.org","@graph":[{"@type":"WebPage","@id":"https:\/\/offsetantenna.com\/index.php\/product\/perfect-mesh-antenna\/","url":"https:\/\/offsetantenna.com\/index.php\/product\/perfect-mesh-antenna\/","name":"perfect mesh antenna - BWEI- Satellite Antenna","isPartOf":{"@id":"https:\/\/offsetantenna.com\/#website"},"primaryImageOfPage":{"@id":"https:\/\/offsetantenna.com\/index.php\/product\/perfect-mesh-antenna\/#primaryimage"},"image":{"@id":"https:\/\/offsetantenna.com\/index.php\/product\/perfect-mesh-antenna\/#primaryimage"},"thumbnailUrl":"https:\/\/offsetantenna.com\/wp-content\/uploads\/2024\/01\/4.0-meter-C-band-Mesh-Satellite-Receiver-Antenna-2.jpg","datePublished":"2024-01-08T03:08:27+00:00","dateModified":"2024-01-08T03:08:31+00:00","breadcrumb":{"@id":"https:\/\/offsetantenna.com\/index.php\/product\/perfect-mesh-antenna\/#breadcrumb"},"inLanguage":"en-US","potentialAction":[{"@type":"ReadAction","target":["https:\/\/offsetantenna.com\/index.php\/product\/perfect-mesh-antenna\/"]}]},{"@type":"ImageObject","inLanguage":"en-US","@id":"https:\/\/offsetantenna.com\/index.php\/product\/perfect-mesh-antenna\/#primaryimage","url":"https:\/\/offsetantenna.com\/wp-content\/uploads\/2024\/01\/4.0-meter-C-band-Mesh-Satellite-Receiver-Antenna-2.jpg","contentUrl":"https:\/\/offsetantenna.com\/wp-content\/uploads\/2024\/01\/4.0-meter-C-band-Mesh-Satellite-Receiver-Antenna-2.jpg","width":600,"height":600},{"@type":"BreadcrumbList","@id":"https:\/\/offsetantenna.com\/index.php\/product\/perfect-mesh-antenna\/#breadcrumb","itemListElement":[{"@type":"ListItem","position":1,"name":"\u9996\u9875","item":"https:\/\/offsetantenna.com\/"},{"@type":"ListItem","position":2,"name":"Produts","item":"https:\/\/offsetantenna.com\/index.php\/home\/products\/"},{"@type":"ListItem","position":3,"name":"perfect mesh antenna"}]},{"@type":"WebSite","@id":"https:\/\/offsetantenna.com\/#website","url":"https:\/\/offsetantenna.com\/","name":"BWEI- Satellite Antenna","description":"BWEI- Satellite Antenna, TV Antenna, Offset Antenna","publisher":{"@id":"https:\/\/offsetantenna.com\/#organization"},"potentialAction":[{"@type":"SearchAction","target":{"@type":"EntryPoint","urlTemplate":"https:\/\/offsetantenna.com\/?s={search_term_string}"},"query-input":"required name=search_term_string"}],"inLanguage":"en-US"},{"@type":"Organization","@id":"https:\/\/offsetantenna.com\/#organization","name":"BWEI- Satellite Antenna","url":"https:\/\/offsetantenna.com\/","logo":{"@type":"ImageObject","inLanguage":"en-US","@id":"https:\/\/offsetantenna.com\/#\/schema\/logo\/image\/","url":"https:\/\/offsetantenna.com\/wp-content\/uploads\/2023\/12\/bowei-logo.png","contentUrl":"https:\/\/offsetantenna.com\/wp-content\/uploads\/2023\/12\/bowei-logo.png","width":746,"height":286,"caption":"BWEI- Satellite Antenna"},"image":{"@id":"https:\/\/offsetantenna.com\/#\/schema\/logo\/image\/"}}]}},"_links":{"self":[{"href":"https:\/\/offsetantenna.com\/index.php\/wp-json\/wp\/v2\/product\/1479"}],"collection":[{"href":"https:\/\/offsetantenna.com\/index.php\/wp-json\/wp\/v2\/product"}],"about":[{"href":"https:\/\/offsetantenna.com\/index.php\/wp-json\/wp\/v2\/types\/product"}],"replies":[{"embeddable":true,"href":"https:\/\/offsetantenna.com\/index.php\/wp-json\/wp\/v2\/comments?post=1479"}],"version-history":[{"count":0,"href":"https:\/\/offsetantenna.com\/index.php\/wp-json\/wp\/v2\/product\/1479\/revisions"}],"wp:featuredmedia":[{"embeddable":true,"href":"https:\/\/offsetantenna.com\/index.php\/wp-json\/wp\/v2\/media\/1504"}],"wp:attachment":[{"href":"https:\/\/offsetantenna.com\/index.php\/wp-json\/wp\/v2\/media?parent=1479"}],"wp:term":[{"taxonomy":"product_cat","embeddable":true,"href":"https:\/\/offsetantenna.com\/index.php\/wp-json\/wp\/v2\/product_cat?post=1479"},{"taxonomy":"product_tag","embeddable":true,"href":"https:\/\/offsetantenna.com\/index.php\/wp-json\/wp\/v2\/product_tag?post=1479"}],"curies":[{"name":"wp","href":"https:\/\/api.w.org\/{rel}","templated":true}]}}