{"id":1447,"date":"2024-01-08T03:08:10","date_gmt":"2024-01-08T03:08:10","guid":{"rendered":"https:\/\/offsetantenna.com\/?post_type=product&#038;p=1447"},"modified":"2024-01-08T03:08:24","modified_gmt":"2024-01-08T03:08:24","slug":"high-performance-300cm10ft-c-ku-band-mesh-satellite-dish","status":"publish","type":"product","link":"https:\/\/offsetantenna.com\/index.php\/product\/high-performance-300cm10ft-c-ku-band-mesh-satellite-dish\/","title":{"rendered":"High Performance 300cm(10ft) C\/Ku-Band Mesh Satellite Dish"},"content":{"rendered":"<p>Antena parab\u00f3lica de alto rendimiento de 300 cm (10 pies) de banda C\/Ku de montaje polar de malla de enfoque principal. El gran tama\u00f1o y el estrecho ancho de haz de este plato garantizan que recibir\u00e1 el 100 % de las transmisiones de TV de Am\u00e9rica del Norte y el 95 % de las transmisiones de TV de Am\u00e9rica Central y del Sur. \u00a1\u00a1\u00a1Conseguir\u00e1s todo!!! Se puede usar como un plato estacionario (incluye barra de bloqueo) o completamente motorizado con un actuador (no incluido) para rastrear m\u00faltiples sat\u00e9lites. El atractivo est\u00e9tico de este plato de malla lo hace perfecto para \u00e1reas urbanas y rurales donde se requiere una recepci\u00f3n confiable de banda C.<\/p>\n","protected":false},"excerpt":{"rendered":"<p>8 paneles de malla montura polar 4 puntales LNBF Corchete de declinaci\u00f3n Barra de bloqueo Tuercas y pernos de montaje Cubierta de alimentaci\u00f3n<\/p>\n","protected":false},"featured_media":1472,"comment_status":"closed","ping_status":"closed","template":"","meta":{"site-sidebar-layout":"default","site-content-layout":"default","ast-site-content-layout":"default","site-content-style":"default","site-sidebar-style":"default","ast-global-header-display":"","ast-banner-title-visibility":"","ast-main-header-display":"","ast-hfb-above-header-display":"","ast-hfb-below-header-display":"","ast-hfb-mobile-header-display":"","site-post-title":"","ast-breadcrumbs-content":"","ast-featured-img":"","footer-sml-layout":"","theme-transparent-header-meta":"default","adv-header-id-meta":"","stick-header-meta":"","header-above-stick-meta":"","header-main-stick-meta":"","header-below-stick-meta":"","astra-migrate-meta-layouts":"set","ast-page-background-enabled":"default","ast-page-background-meta":{"desktop":{"background-color":"var(--ast-global-color-4)","background-image":"","background-repeat":"repeat","background-position":"center center","background-size":"auto","background-attachment":"scroll","background-type":"","background-media":"","overlay-type":"","overlay-color":"","overlay-gradient":""},"tablet":{"background-color":"","background-image":"","background-repeat":"repeat","background-position":"center center","background-size":"auto","background-attachment":"scroll","background-type":"","background-media":"","overlay-type":"","overlay-color":"","overlay-gradient":""},"mobile":{"background-color":"","background-image":"","background-repeat":"repeat","background-position":"center center","background-size":"auto","background-attachment":"scroll","background-type":"","background-media":"","overlay-type":"","overlay-color":"","overlay-gradient":""}},"ast-content-background-meta":{"desktop":{"background-color":"var(--ast-global-color-5)","background-image":"","background-repeat":"repeat","background-position":"center center","background-size":"auto","background-attachment":"scroll","background-type":"","background-media":"","overlay-type":"","overlay-color":"","overlay-gradient":""},"tablet":{"background-color":"var(--ast-global-color-5)","background-image":"","background-repeat":"repeat","background-position":"center center","background-size":"auto","background-attachment":"scroll","background-type":"","background-media":"","overlay-type":"","overlay-color":"","overlay-gradient":""},"mobile":{"background-color":"var(--ast-global-color-5)","background-image":"","background-repeat":"repeat","background-position":"center center","background-size":"auto","background-attachment":"scroll","background-type":"","background-media":"","overlay-type":"","overlay-color":"","overlay-gradient":""}}},"product_cat":[120],"product_tag":[122,133,134],"aioseo_notices":[],"yoast_head":"<!-- This site is optimized with the Yoast SEO plugin v22.4 - https:\/\/yoast.com\/wordpress\/plugins\/seo\/ -->\n<title>High Performance 300cm(10ft) C\/Ku-Band Mesh Satellite Dish - BWEI- Satellite Antenna<\/title>\n<meta name=\"robots\" content=\"index, follow, max-snippet:-1, max-image-preview:large, max-video-preview:-1\" \/>\n<link rel=\"canonical\" href=\"https:\/\/offsetantenna.com\/index.php\/product\/high-performance-300cm10ft-c-ku-band-mesh-satellite-dish\/\" \/>\n<meta property=\"og:locale\" content=\"en_US\" \/>\n<meta property=\"og:type\" content=\"article\" \/>\n<meta property=\"og:title\" content=\"High Performance 300cm(10ft) C\/Ku-Band Mesh Satellite Dish - BWEI- Satellite Antenna\" \/>\n<meta property=\"og:description\" content=\"8 paneles de malla montura polar 4 puntales LNBF Corchete de declinaci\u00f3n Barra de bloqueo Tuercas y pernos de montaje Cubierta de alimentaci\u00f3n\" \/>\n<meta property=\"og:url\" content=\"https:\/\/offsetantenna.com\/index.php\/product\/high-performance-300cm10ft-c-ku-band-mesh-satellite-dish\/\" \/>\n<meta property=\"og:site_name\" content=\"BWEI- Satellite Antenna\" \/>\n<meta property=\"article:modified_time\" content=\"2024-01-08T03:08:24+00:00\" \/>\n<meta property=\"og:image\" content=\"https:\/\/offsetantenna.com\/wp-content\/uploads\/2024\/01\/Mesh-Satellite-Dish.jpg\" \/>\n\t<meta property=\"og:image:width\" content=\"600\" \/>\n\t<meta property=\"og:image:height\" content=\"600\" \/>\n\t<meta property=\"og:image:type\" content=\"image\/jpeg\" \/>\n<meta name=\"twitter:card\" content=\"summary_large_image\" \/>\n<meta name=\"twitter:label1\" content=\"Est. reading time\" \/>\n\t<meta name=\"twitter:data1\" content=\"1 minute\" \/>\n<script type=\"application\/ld+json\" class=\"yoast-schema-graph\">{\"@context\":\"https:\/\/schema.org\",\"@graph\":[{\"@type\":\"WebPage\",\"@id\":\"https:\/\/offsetantenna.com\/index.php\/product\/high-performance-300cm10ft-c-ku-band-mesh-satellite-dish\/\",\"url\":\"https:\/\/offsetantenna.com\/index.php\/product\/high-performance-300cm10ft-c-ku-band-mesh-satellite-dish\/\",\"name\":\"High Performance 300cm(10ft) C\/Ku-Band Mesh Satellite Dish - BWEI- Satellite Antenna\",\"isPartOf\":{\"@id\":\"https:\/\/offsetantenna.com\/#website\"},\"primaryImageOfPage\":{\"@id\":\"https:\/\/offsetantenna.com\/index.php\/product\/high-performance-300cm10ft-c-ku-band-mesh-satellite-dish\/#primaryimage\"},\"image\":{\"@id\":\"https:\/\/offsetantenna.com\/index.php\/product\/high-performance-300cm10ft-c-ku-band-mesh-satellite-dish\/#primaryimage\"},\"thumbnailUrl\":\"https:\/\/offsetantenna.com\/wp-content\/uploads\/2024\/01\/Mesh-Satellite-Dish.jpg\",\"datePublished\":\"2024-01-08T03:08:10+00:00\",\"dateModified\":\"2024-01-08T03:08:24+00:00\",\"breadcrumb\":{\"@id\":\"https:\/\/offsetantenna.com\/index.php\/product\/high-performance-300cm10ft-c-ku-band-mesh-satellite-dish\/#breadcrumb\"},\"inLanguage\":\"en-US\",\"potentialAction\":[{\"@type\":\"ReadAction\",\"target\":[\"https:\/\/offsetantenna.com\/index.php\/product\/high-performance-300cm10ft-c-ku-band-mesh-satellite-dish\/\"]}]},{\"@type\":\"ImageObject\",\"inLanguage\":\"en-US\",\"@id\":\"https:\/\/offsetantenna.com\/index.php\/product\/high-performance-300cm10ft-c-ku-band-mesh-satellite-dish\/#primaryimage\",\"url\":\"https:\/\/offsetantenna.com\/wp-content\/uploads\/2024\/01\/Mesh-Satellite-Dish.jpg\",\"contentUrl\":\"https:\/\/offsetantenna.com\/wp-content\/uploads\/2024\/01\/Mesh-Satellite-Dish.jpg\",\"width\":600,\"height\":600},{\"@type\":\"BreadcrumbList\",\"@id\":\"https:\/\/offsetantenna.com\/index.php\/product\/high-performance-300cm10ft-c-ku-band-mesh-satellite-dish\/#breadcrumb\",\"itemListElement\":[{\"@type\":\"ListItem\",\"position\":1,\"name\":\"\u9996\u9875\",\"item\":\"https:\/\/offsetantenna.com\/\"},{\"@type\":\"ListItem\",\"position\":2,\"name\":\"Produts\",\"item\":\"https:\/\/offsetantenna.com\/index.php\/home\/products\/\"},{\"@type\":\"ListItem\",\"position\":3,\"name\":\"High Performance 300cm(10ft) C\/Ku-Band Mesh Satellite Dish\"}]},{\"@type\":\"WebSite\",\"@id\":\"https:\/\/offsetantenna.com\/#website\",\"url\":\"https:\/\/offsetantenna.com\/\",\"name\":\"BWEI- Satellite Antenna\",\"description\":\"BWEI- Satellite Antenna, TV Antenna, Offset Antenna\",\"publisher\":{\"@id\":\"https:\/\/offsetantenna.com\/#organization\"},\"potentialAction\":[{\"@type\":\"SearchAction\",\"target\":{\"@type\":\"EntryPoint\",\"urlTemplate\":\"https:\/\/offsetantenna.com\/?s={search_term_string}\"},\"query-input\":\"required name=search_term_string\"}],\"inLanguage\":\"en-US\"},{\"@type\":\"Organization\",\"@id\":\"https:\/\/offsetantenna.com\/#organization\",\"name\":\"BWEI- Satellite Antenna\",\"url\":\"https:\/\/offsetantenna.com\/\",\"logo\":{\"@type\":\"ImageObject\",\"inLanguage\":\"en-US\",\"@id\":\"https:\/\/offsetantenna.com\/#\/schema\/logo\/image\/\",\"url\":\"https:\/\/offsetantenna.com\/wp-content\/uploads\/2023\/12\/bowei-logo.png\",\"contentUrl\":\"https:\/\/offsetantenna.com\/wp-content\/uploads\/2023\/12\/bowei-logo.png\",\"width\":746,\"height\":286,\"caption\":\"BWEI- Satellite Antenna\"},\"image\":{\"@id\":\"https:\/\/offsetantenna.com\/#\/schema\/logo\/image\/\"}}]}<\/script>\n<!-- \/ Yoast SEO plugin. -->","yoast_head_json":{"title":"High Performance 300cm(10ft) C\/Ku-Band Mesh Satellite Dish - BWEI- Satellite Antenna","robots":{"index":"index","follow":"follow","max-snippet":"max-snippet:-1","max-image-preview":"max-image-preview:large","max-video-preview":"max-video-preview:-1"},"canonical":"https:\/\/offsetantenna.com\/index.php\/product\/high-performance-300cm10ft-c-ku-band-mesh-satellite-dish\/","og_locale":"en_US","og_type":"article","og_title":"High Performance 300cm(10ft) C\/Ku-Band Mesh Satellite Dish - BWEI- Satellite Antenna","og_description":"8 paneles de malla montura polar 4 puntales LNBF Corchete de declinaci\u00f3n Barra de bloqueo Tuercas y pernos de montaje Cubierta de alimentaci\u00f3n","og_url":"https:\/\/offsetantenna.com\/index.php\/product\/high-performance-300cm10ft-c-ku-band-mesh-satellite-dish\/","og_site_name":"BWEI- Satellite Antenna","article_modified_time":"2024-01-08T03:08:24+00:00","og_image":[{"width":600,"height":600,"url":"https:\/\/offsetantenna.com\/wp-content\/uploads\/2024\/01\/Mesh-Satellite-Dish.jpg","type":"image\/jpeg"}],"twitter_card":"summary_large_image","twitter_misc":{"Est. reading time":"1 minute"},"schema":{"@context":"https:\/\/schema.org","@graph":[{"@type":"WebPage","@id":"https:\/\/offsetantenna.com\/index.php\/product\/high-performance-300cm10ft-c-ku-band-mesh-satellite-dish\/","url":"https:\/\/offsetantenna.com\/index.php\/product\/high-performance-300cm10ft-c-ku-band-mesh-satellite-dish\/","name":"High Performance 300cm(10ft) C\/Ku-Band Mesh Satellite Dish - BWEI- Satellite Antenna","isPartOf":{"@id":"https:\/\/offsetantenna.com\/#website"},"primaryImageOfPage":{"@id":"https:\/\/offsetantenna.com\/index.php\/product\/high-performance-300cm10ft-c-ku-band-mesh-satellite-dish\/#primaryimage"},"image":{"@id":"https:\/\/offsetantenna.com\/index.php\/product\/high-performance-300cm10ft-c-ku-band-mesh-satellite-dish\/#primaryimage"},"thumbnailUrl":"https:\/\/offsetantenna.com\/wp-content\/uploads\/2024\/01\/Mesh-Satellite-Dish.jpg","datePublished":"2024-01-08T03:08:10+00:00","dateModified":"2024-01-08T03:08:24+00:00","breadcrumb":{"@id":"https:\/\/offsetantenna.com\/index.php\/product\/high-performance-300cm10ft-c-ku-band-mesh-satellite-dish\/#breadcrumb"},"inLanguage":"en-US","potentialAction":[{"@type":"ReadAction","target":["https:\/\/offsetantenna.com\/index.php\/product\/high-performance-300cm10ft-c-ku-band-mesh-satellite-dish\/"]}]},{"@type":"ImageObject","inLanguage":"en-US","@id":"https:\/\/offsetantenna.com\/index.php\/product\/high-performance-300cm10ft-c-ku-band-mesh-satellite-dish\/#primaryimage","url":"https:\/\/offsetantenna.com\/wp-content\/uploads\/2024\/01\/Mesh-Satellite-Dish.jpg","contentUrl":"https:\/\/offsetantenna.com\/wp-content\/uploads\/2024\/01\/Mesh-Satellite-Dish.jpg","width":600,"height":600},{"@type":"BreadcrumbList","@id":"https:\/\/offsetantenna.com\/index.php\/product\/high-performance-300cm10ft-c-ku-band-mesh-satellite-dish\/#breadcrumb","itemListElement":[{"@type":"ListItem","position":1,"name":"\u9996\u9875","item":"https:\/\/offsetantenna.com\/"},{"@type":"ListItem","position":2,"name":"Produts","item":"https:\/\/offsetantenna.com\/index.php\/home\/products\/"},{"@type":"ListItem","position":3,"name":"High Performance 300cm(10ft) C\/Ku-Band Mesh Satellite Dish"}]},{"@type":"WebSite","@id":"https:\/\/offsetantenna.com\/#website","url":"https:\/\/offsetantenna.com\/","name":"BWEI- Satellite Antenna","description":"BWEI- Satellite Antenna, TV Antenna, Offset Antenna","publisher":{"@id":"https:\/\/offsetantenna.com\/#organization"},"potentialAction":[{"@type":"SearchAction","target":{"@type":"EntryPoint","urlTemplate":"https:\/\/offsetantenna.com\/?s={search_term_string}"},"query-input":"required name=search_term_string"}],"inLanguage":"en-US"},{"@type":"Organization","@id":"https:\/\/offsetantenna.com\/#organization","name":"BWEI- Satellite Antenna","url":"https:\/\/offsetantenna.com\/","logo":{"@type":"ImageObject","inLanguage":"en-US","@id":"https:\/\/offsetantenna.com\/#\/schema\/logo\/image\/","url":"https:\/\/offsetantenna.com\/wp-content\/uploads\/2023\/12\/bowei-logo.png","contentUrl":"https:\/\/offsetantenna.com\/wp-content\/uploads\/2023\/12\/bowei-logo.png","width":746,"height":286,"caption":"BWEI- Satellite Antenna"},"image":{"@id":"https:\/\/offsetantenna.com\/#\/schema\/logo\/image\/"}}]}},"_links":{"self":[{"href":"https:\/\/offsetantenna.com\/index.php\/wp-json\/wp\/v2\/product\/1447"}],"collection":[{"href":"https:\/\/offsetantenna.com\/index.php\/wp-json\/wp\/v2\/product"}],"about":[{"href":"https:\/\/offsetantenna.com\/index.php\/wp-json\/wp\/v2\/types\/product"}],"replies":[{"embeddable":true,"href":"https:\/\/offsetantenna.com\/index.php\/wp-json\/wp\/v2\/comments?post=1447"}],"version-history":[{"count":0,"href":"https:\/\/offsetantenna.com\/index.php\/wp-json\/wp\/v2\/product\/1447\/revisions"}],"wp:featuredmedia":[{"embeddable":true,"href":"https:\/\/offsetantenna.com\/index.php\/wp-json\/wp\/v2\/media\/1472"}],"wp:attachment":[{"href":"https:\/\/offsetantenna.com\/index.php\/wp-json\/wp\/v2\/media?parent=1447"}],"wp:term":[{"taxonomy":"product_cat","embeddable":true,"href":"https:\/\/offsetantenna.com\/index.php\/wp-json\/wp\/v2\/product_cat?post=1447"},{"taxonomy":"product_tag","embeddable":true,"href":"https:\/\/offsetantenna.com\/index.php\/wp-json\/wp\/v2\/product_tag?post=1447"}],"curies":[{"name":"wp","href":"https:\/\/api.w.org\/{rel}","templated":true}]}}